{"id":10993,"date":"2025-12-23T09:16:56","date_gmt":"2025-12-23T09:16:56","guid":{"rendered":"https:\/\/www.agw-nw.de\/?page_id=10993"},"modified":"2026-02-09T17:44:58","modified_gmt":"2026-02-09T17:44:58","slug":"imprint-2026","status":"publish","type":"page","link":"https:\/\/www.agw-nw.de\/en\/impressum-2026\/","title":{"rendered":"Imprint 2026"},"content":{"rendered":"<div data-elementor-type=\"wp-page\" data-elementor-id=\"10993\" class=\"elementor elementor-10993\" data-elementor-post-type=\"page\">\n\t\t\t\t<div class=\"elementor-element elementor-element-09d285d e-flex e-con-boxed e-con e-parent\" data-id=\"09d285d\" data-element_type=\"container\" data-e-type=\"container\" data-settings=\"{&quot;background_background&quot;:&quot;classic&quot;}\">\n\t\t\t\t\t<div class=\"e-con-inner\">\n\t\t<div class=\"elementor-element elementor-element-25187d3 e-con-full e-flex e-con e-child\" data-id=\"25187d3\" data-element_type=\"container\" data-e-type=\"container\" data-settings=\"{&quot;background_background&quot;:&quot;classic&quot;}\">\n\t\t\t\t<div class=\"elementor-element elementor-element-51e5c78 elementor-widget elementor-widget-spacer\" data-id=\"51e5c78\" data-element_type=\"widget\" data-e-type=\"widget\" data-widget_type=\"spacer.default\">\n\t\t\t\t\t\t\t<div class=\"elementor-spacer\">\n\t\t\t<div class=\"elementor-spacer-inner\"><\/div>\n\t\t<\/div>\n\t\t\t\t\t\t<\/div>\n\t\t<div class=\"elementor-element elementor-element-323c9a8 e-con-full e-flex e-con e-child\" data-id=\"323c9a8\" data-element_type=\"container\" data-e-type=\"container\" data-settings=\"{&quot;background_background&quot;:&quot;classic&quot;}\">\n\t\t\t\t<div class=\"elementor-element elementor-element-d2978d6 elementor-widget elementor-widget-heading\" data-id=\"d2978d6\" data-element_type=\"widget\" data-e-type=\"widget\" data-widget_type=\"heading.default\">\n\t\t\t\t\t<h2 class=\"elementor-heading-title elementor-size-default\">IMPRINT<\/h2>\t\t\t\t<\/div>\n\t\t\t\t<\/div>\n\t\t\t\t<div class=\"elementor-element elementor-element-449a929 elementor-widget elementor-widget-spacer\" data-id=\"449a929\" data-element_type=\"widget\" data-e-type=\"widget\" data-widget_type=\"spacer.default\">\n\t\t\t\t\t\t\t<div class=\"elementor-spacer\">\n\t\t\t<div class=\"elementor-spacer-inner\"><\/div>\n\t\t<\/div>\n\t\t\t\t\t\t<\/div>\n\t\t\t\t<\/div>\n\t\t\t\t\t<\/div>\n\t\t\t\t<\/div>\n\t\t<div class=\"elementor-element elementor-element-7941ce3 e-flex e-con-boxed e-con e-parent\" data-id=\"7941ce3\" data-element_type=\"container\" data-e-type=\"container\">\n\t\t\t\t\t<div class=\"e-con-inner\">\n\t\t<div class=\"elementor-element elementor-element-47aa7ea e-con-full e-flex e-con e-child\" data-id=\"47aa7ea\" data-element_type=\"container\" data-e-type=\"container\">\n\t\t\t\t<div class=\"elementor-element elementor-element-d087889 elementor-widget elementor-widget-text-editor\" data-id=\"d087889\" data-element_type=\"widget\" data-e-type=\"widget\" data-widget_type=\"text-editor.default\">\n\t\t\t\t\t\t\t\t\t<p><strong>agw<\/strong> - Working group of the water management associations in North Rhine-Westphalia<br>Am Erftverband 6<br>50126 Bergheim<\/p>\n<p>Tel.: 02271 88-1278<br>Fax: 02271 88-1365<br><a href=\"mailto:info@agw-nw.de\">info@agw-nw.de<\/a><br><a class=\"external-link-new-window\" title=\"Opens an external link in a new window\" href=\"http:\/\/www.agw-nw.de\/en\/\" target=\"_blank\" rel=\"noopener\">www.agw-nw.de<\/a><\/p><p><br><\/p>\n<p><\/p>\n<p><strong>Chairman:<\/strong>&nbsp;Dr Uwe Moshage, Chairman of the Aggerverband<br><strong>Managing Director: <\/strong>Jennifer Sch\u00e4fer-Sack<\/p>\n<p><strong>&nbsp;<\/strong><\/p>\n<p><strong>Register of Associations:<\/strong> VR 301060 at Cologne Local Court<br><strong>St.-IdNr:<\/strong> 203\/5700\/3313<\/p>\n<p><strong>&nbsp;<\/strong><\/p>\n<p><strong>Realisation:<\/strong><br>K\u00f6ller IT-Services &amp; Consulting<br><a href=\"http:\/\/www.koeller-it.de\" target=\"_blank\" rel=\"noopener\">www.koeller-it.de<\/a><\/p>\n<p><\/p>\n<p><strong>&nbsp;<\/strong><\/p>\n<p><strong>Online dispute resolution <\/strong><br>The European Commission provides <a href=\"https:\/\/ec.europa.eu\/consumers\/odr\/\" target=\"_top\">https:\/\/ec.europa.eu\/consumers\/odr\/<\/a>&nbsp;provides a platform for online dispute resolution, which consumers can use to resolve a dispute and on which further information on the subject of dispute resolution can be found.<\/p>\n<p><strong>Out-of-court dispute resolution <\/strong><br>We are neither obliged nor willing to participate in dispute resolution proceedings before a consumer arbitration board in the event of a dispute with a consumer.<\/p>\n<p><\/p>\n<header>\n<h2 class=\"\">&nbsp;<\/h2>\n<h2 class=\"\">Picture credits<\/h2>\n<\/header>\n<p>Aggerverband, Bergisch-Rheinischer Wasserverband, Emschergenossenschaft, Erftverband, Lineg, Lippeverband, Niersverband, Ruhrverband, Wahnbachtalsperrenverband, Wasserverband Eifel-Rur, Wupperverband<\/p>\n<p><\/p>\n<header>\n<h2 class=\"\">Lobby register<\/h2>\n<\/header>\n<p>agw is a registered lobby organisation and is listed in the federal lobby register under the registration number R002739. This means that agw represents interests on the basis of the \u201eCode of Conduct for Interest Representatives under the Lobby Register Act\u201c.<\/p>\t\t\t\t\t\t\t\t<\/div>\n\t\t\t\t<\/div>\n\t\t\t\t\t<\/div>\n\t\t\t\t<\/div>\n\t\t\t\t<\/div>","protected":false},"excerpt":{"rendered":"<p>IMPRESSUM agw &#8211; Arbeitsgemeinschaft der Wasserwirtschaftsverb\u00e4nde in Nordrhein-WestfalenAm Erftverband 650126 Bergheim Tel.: 02271 88-1278Fax.: 02271 88-1365info@agw-nw.dewww.agw-nw.de Vorsitzender:&nbsp;Dr. Uwe Moshage, Vorstand des AggerverbandsGesch\u00e4ftsf\u00fchrerin: Jennifer Sch\u00e4fer-Sack &nbsp; Vereinsregister: VR 301060 beim Amtsgericht K\u00f6lnSt.-IdNr: 203\/5700\/3313 &nbsp; Realisation:K\u00f6ller IT-Services &amp; Consultingwww.koeller-it.de &nbsp; Online-Streitbeilegung Die Europ\u00e4ische Kommission stellt unter https:\/\/ec.europa.eu\/consumers\/odr\/&nbsp;eine Plattform zur Online-Streitbeilegung bereit, die Verbraucher f\u00fcr die Beilegung einer [&hellip;]<\/p>\n","protected":false},"author":1,"featured_media":0,"parent":0,"menu_order":0,"comment_status":"closed","ping_status":"closed","template":"elementor_header_footer","meta":{"_acf_changed":false,"footnotes":""},"class_list":["post-10993","page","type-page","status-publish","hentry"],"acf":[],"yoast_head":"<!-- This site is optimized with the Yoast SEO plugin v27.2 - https:\/\/yoast.com\/product\/yoast-seo-wordpress\/ -->\n<title>AGW-NRW - Impressum und weitere Hinweise<\/title>\n<meta name=\"robots\" content=\"index, follow, max-snippet:-1, max-image-preview:large, max-video-preview:-1\" \/>\n<link rel=\"canonical\" href=\"https:\/\/www.agw-nw.de\/en\/imprint-2026\/\" \/>\n<meta property=\"og:locale\" content=\"en_GB\" \/>\n<meta property=\"og:type\" content=\"article\" \/>\n<meta property=\"og:title\" content=\"AGW-NRW - Impressum und weitere Hinweise\" \/>\n<meta property=\"og:description\" content=\"IMPRESSUM agw &#8211; Arbeitsgemeinschaft der Wasserwirtschaftsverb\u00e4nde in Nordrhein-WestfalenAm Erftverband 650126 Bergheim Tel.: 02271 88-1278Fax.: 02271 88-1365info@agw-nw.dewww.agw-nw.de Vorsitzender:&nbsp;Dr. Uwe Moshage, Vorstand des AggerverbandsGesch\u00e4ftsf\u00fchrerin: Jennifer Sch\u00e4fer-Sack &nbsp; Vereinsregister: VR 301060 beim Amtsgericht K\u00f6lnSt.-IdNr: 203\/5700\/3313 &nbsp; Realisation:K\u00f6ller IT-Services &amp; Consultingwww.koeller-it.de &nbsp; Online-Streitbeilegung Die Europ\u00e4ische Kommission stellt unter https:\/\/ec.europa.eu\/consumers\/odr\/&nbsp;eine Plattform zur Online-Streitbeilegung bereit, die Verbraucher f\u00fcr die Beilegung einer [&hellip;]\" \/>\n<meta property=\"og:url\" content=\"https:\/\/www.agw-nw.de\/en\/imprint-2026\/\" \/>\n<meta property=\"og:site_name\" content=\"AGW-NRW\" \/>\n<meta property=\"article:modified_time\" content=\"2026-02-09T17:44:58+00:00\" \/>\n<meta name=\"twitter:card\" content=\"summary_large_image\" \/>\n<meta name=\"twitter:label1\" content=\"Estimated reading time\" \/>\n\t<meta name=\"twitter:data1\" content=\"1 minute\" \/>\n<script type=\"application\/ld+json\" class=\"yoast-schema-graph\">{\"@context\":\"https:\/\/schema.org\",\"@graph\":[{\"@type\":\"WebPage\",\"@id\":\"https:\/\/www.agw-nw.de\/impressum-2026\/\",\"url\":\"https:\/\/www.agw-nw.de\/impressum-2026\/\",\"name\":\"AGW-NRW - Impressum und weitere Hinweise\",\"isPartOf\":{\"@id\":\"https:\/\/www.agw-nw.de\/#website\"},\"datePublished\":\"2025-12-23T09:16:56+00:00\",\"dateModified\":\"2026-02-09T17:44:58+00:00\",\"breadcrumb\":{\"@id\":\"https:\/\/www.agw-nw.de\/impressum-2026\/#breadcrumb\"},\"inLanguage\":\"en-GB\",\"potentialAction\":[{\"@type\":\"ReadAction\",\"target\":[\"https:\/\/www.agw-nw.de\/impressum-2026\/\"]}]},{\"@type\":\"BreadcrumbList\",\"@id\":\"https:\/\/www.agw-nw.de\/impressum-2026\/#breadcrumb\",\"itemListElement\":[{\"@type\":\"ListItem\",\"position\":1,\"name\":\"Home\",\"item\":\"https:\/\/www.agw-nw.de\/\"},{\"@type\":\"ListItem\",\"position\":2,\"name\":\"Impressum 2026\"}]},{\"@type\":\"WebSite\",\"@id\":\"https:\/\/www.agw-nw.de\/#website\",\"url\":\"https:\/\/www.agw-nw.de\/\",\"name\":\"AGW-NRW\",\"description\":\"\",\"potentialAction\":[{\"@type\":\"SearchAction\",\"target\":{\"@type\":\"EntryPoint\",\"urlTemplate\":\"https:\/\/www.agw-nw.de\/?s={search_term_string}\"},\"query-input\":{\"@type\":\"PropertyValueSpecification\",\"valueRequired\":true,\"valueName\":\"search_term_string\"}}],\"inLanguage\":\"en-GB\"}]}<\/script>\n<!-- \/ Yoast SEO plugin. -->","yoast_head_json":{"title":"AGW-NRW - Imprint and further information","robots":{"index":"index","follow":"follow","max-snippet":"max-snippet:-1","max-image-preview":"max-image-preview:large","max-video-preview":"max-video-preview:-1"},"canonical":"https:\/\/www.agw-nw.de\/en\/imprint-2026\/","og_locale":"en_GB","og_type":"article","og_title":"AGW-NRW - Impressum und weitere Hinweise","og_description":"IMPRESSUM agw &#8211; Arbeitsgemeinschaft der Wasserwirtschaftsverb\u00e4nde in Nordrhein-WestfalenAm Erftverband 650126 Bergheim Tel.: 02271 88-1278Fax.: 02271 88-1365info@agw-nw.dewww.agw-nw.de Vorsitzender:&nbsp;Dr. Uwe Moshage, Vorstand des AggerverbandsGesch\u00e4ftsf\u00fchrerin: Jennifer Sch\u00e4fer-Sack &nbsp; Vereinsregister: VR 301060 beim Amtsgericht K\u00f6lnSt.-IdNr: 203\/5700\/3313 &nbsp; Realisation:K\u00f6ller IT-Services &amp; Consultingwww.koeller-it.de &nbsp; Online-Streitbeilegung Die Europ\u00e4ische Kommission stellt unter https:\/\/ec.europa.eu\/consumers\/odr\/&nbsp;eine Plattform zur Online-Streitbeilegung bereit, die Verbraucher f\u00fcr die Beilegung einer [&hellip;]","og_url":"https:\/\/www.agw-nw.de\/en\/imprint-2026\/","og_site_name":"AGW-NRW","article_modified_time":"2026-02-09T17:44:58+00:00","twitter_card":"summary_large_image","twitter_misc":{"Estimated reading time":"1 minute"},"schema":{"@context":"https:\/\/schema.org","@graph":[{"@type":"WebPage","@id":"https:\/\/www.agw-nw.de\/impressum-2026\/","url":"https:\/\/www.agw-nw.de\/impressum-2026\/","name":"AGW-NRW - Imprint and further information","isPartOf":{"@id":"https:\/\/www.agw-nw.de\/#website"},"datePublished":"2025-12-23T09:16:56+00:00","dateModified":"2026-02-09T17:44:58+00:00","breadcrumb":{"@id":"https:\/\/www.agw-nw.de\/impressum-2026\/#breadcrumb"},"inLanguage":"en-GB","potentialAction":[{"@type":"ReadAction","target":["https:\/\/www.agw-nw.de\/impressum-2026\/"]}]},{"@type":"BreadcrumbList","@id":"https:\/\/www.agw-nw.de\/impressum-2026\/#breadcrumb","itemListElement":[{"@type":"ListItem","position":1,"name":"Home","item":"https:\/\/www.agw-nw.de\/"},{"@type":"ListItem","position":2,"name":"Impressum 2026"}]},{"@type":"WebSite","@id":"https:\/\/www.agw-nw.de\/#website","url":"https:\/\/www.agw-nw.de\/","name":"AGW-NRW","description":"","potentialAction":[{"@type":"SearchAction","target":{"@type":"EntryPoint","urlTemplate":"https:\/\/www.agw-nw.de\/?s={search_term_string}"},"query-input":{"@type":"PropertyValueSpecification","valueRequired":true,"valueName":"search_term_string"}}],"inLanguage":"en-GB"}]}},"_links":{"self":[{"href":"https:\/\/www.agw-nw.de\/en\/wp-json\/wp\/v2\/pages\/10993","targetHints":{"allow":["GET"]}}],"collection":[{"href":"https:\/\/www.agw-nw.de\/en\/wp-json\/wp\/v2\/pages"}],"about":[{"href":"https:\/\/www.agw-nw.de\/en\/wp-json\/wp\/v2\/types\/page"}],"author":[{"embeddable":true,"href":"https:\/\/www.agw-nw.de\/en\/wp-json\/wp\/v2\/users\/1"}],"replies":[{"embeddable":true,"href":"https:\/\/www.agw-nw.de\/en\/wp-json\/wp\/v2\/comments?post=10993"}],"version-history":[{"count":6,"href":"https:\/\/www.agw-nw.de\/en\/wp-json\/wp\/v2\/pages\/10993\/revisions"}],"predecessor-version":[{"id":11408,"href":"https:\/\/www.agw-nw.de\/en\/wp-json\/wp\/v2\/pages\/10993\/revisions\/11408"}],"wp:attachment":[{"href":"https:\/\/www.agw-nw.de\/en\/wp-json\/wp\/v2\/media?parent=10993"}],"curies":[{"name":"wp","href":"https:\/\/api.w.org\/{rel}","templated":true}]}}