{"id":11444,"date":"2026-02-11T09:32:17","date_gmt":"2026-02-11T09:32:17","guid":{"rendered":"https:\/\/www.agw-nw.de\/?page_id=11444"},"modified":"2026-04-01T06:03:21","modified_gmt":"2026-04-01T06:03:21","slug":"statements-2026","status":"publish","type":"page","link":"https:\/\/www.agw-nw.de\/en\/stellungnahmen-2026\/","title":{"rendered":"Statements 2026"},"content":{"rendered":"<div data-elementor-type=\"wp-page\" data-elementor-id=\"11444\" class=\"elementor elementor-11444\" data-elementor-post-type=\"page\">\n\t\t\t\t<div class=\"elementor-element elementor-element-b37ab09 e-flex e-con-boxed e-con e-parent\" data-id=\"b37ab09\" data-element_type=\"container\" data-e-type=\"container\" data-settings=\"{&quot;background_background&quot;:&quot;classic&quot;}\">\n\t\t\t\t\t<div class=\"e-con-inner\">\n\t\t<div class=\"elementor-element elementor-element-bb60382 e-con-full e-flex e-con e-child\" data-id=\"bb60382\" data-element_type=\"container\" data-e-type=\"container\" data-settings=\"{&quot;background_background&quot;:&quot;classic&quot;}\">\n\t\t\t\t<div class=\"elementor-element elementor-element-e636abd elementor-widget elementor-widget-heading\" data-id=\"e636abd\" data-element_type=\"widget\" data-e-type=\"widget\" data-widget_type=\"heading.default\">\n\t\t\t\t\t<h2 class=\"elementor-heading-title elementor-size-default\">Statements of the agw in 2026<\/h2>\t\t\t\t<\/div>\n\t\t\t\t<\/div>\n\t\t\t\t\t<\/div>\n\t\t\t\t<\/div>\n\t\t<div class=\"elementor-element elementor-element-9fa093f fur-den-section e-flex e-con-boxed e-con e-parent\" data-id=\"9fa093f\" data-element_type=\"container\" data-e-type=\"container\">\n\t\t\t\t\t<div class=\"e-con-inner\">\n\t\t\t\t<div class=\"elementor-element elementor-element-48a725c elementor-hidden-mobile elementor-widget elementor-widget-spacer\" data-id=\"48a725c\" data-element_type=\"widget\" data-e-type=\"widget\" data-widget_type=\"spacer.default\">\n\t\t\t\t\t\t\t<div class=\"elementor-spacer\">\n\t\t\t<div class=\"elementor-spacer-inner\"><\/div>\n\t\t<\/div>\n\t\t\t\t\t\t<\/div>\n\t\t\t\t<div class=\"elementor-element elementor-element-1c5861f fur-den-description elementor-widget elementor-widget-text-editor\" data-id=\"1c5861f\" data-element_type=\"widget\" data-e-type=\"widget\" data-widget_type=\"text-editor.default\">\n\t\t\t\t\t\t\t\t\t<p><strong>01.04.2026:<\/strong> <a href=\"https:\/\/www.agw-nw.de\/wp-content\/uploads\/2026\/04\/agw-stellungnahme_referentenentwurf-verbands-und-wasserrechtlicher-vorschriften_31.03.26_agw_final.pdf\" target=\"_blank\" rel=\"noopener\">agw statement <\/a>zum Gesetzentwurf der Landesregierung f\u00fcr ein Gesetz zur Anpassung verbands- und wasserrechtlicher Vorschriften mit Stand 04.03.2026 \/ Aktenzeichen IV-1 61.01.04.00<\/p><p><strong>23.02.2026:<\/strong> <a href=\"https:\/\/www.agw-nw.de\/wp-content\/uploads\/2026\/02\/Contribution_agw_oek_klimaresilienz_230226.pdf\">Participation of the agw<\/a>\u00a0in the EU Commission's public consultation on the new European framework for climate resilience<\/p><p><strong>06.02.2026:\u00a0<\/strong><a href=\"https:\/\/www.agw-nw.de\/wp-content\/uploads\/2026\/02\/agw-stellungnahme_wasserstrategie_060226_final.pdf\">agw statement<\/a>\u00a0on the MUNV's draft bill on the H2O-NRW Water Strategy for the Future<\/p>\t\t\t\t\t\t\t\t<\/div>\n\t\t\t\t<div class=\"elementor-element elementor-element-bd4e9c1 elementor-widget elementor-widget-spacer\" data-id=\"bd4e9c1\" data-element_type=\"widget\" data-e-type=\"widget\" data-widget_type=\"spacer.default\">\n\t\t\t\t\t\t\t<div class=\"elementor-spacer\">\n\t\t\t<div class=\"elementor-spacer-inner\"><\/div>\n\t\t<\/div>\n\t\t\t\t\t\t<\/div>\n\t\t\t\t\t<\/div>\n\t\t\t\t<\/div>\n\t\t<div class=\"elementor-element elementor-element-03cc386 e-flex e-con-boxed e-con e-parent\" data-id=\"03cc386\" data-element_type=\"container\" data-e-type=\"container\">\n\t\t\t\t\t<div class=\"e-con-inner\">\n\t\t<div class=\"elementor-element elementor-element-bd083c1 e-grid e-con-full e-con e-child\" data-id=\"bd083c1\" data-element_type=\"container\" data-e-type=\"container\">\n\t\t<div class=\"elementor-element elementor-element-20fee6a e-con-full e-flex e-con e-child\" data-id=\"20fee6a\" data-element_type=\"container\" data-e-type=\"container\" data-settings=\"{&quot;background_background&quot;:&quot;classic&quot;}\">\n\t\t\t\t<div class=\"elementor-element elementor-element-a8603b2 elementor-widget elementor-widget-heading\" data-id=\"a8603b2\" data-element_type=\"widget\" data-e-type=\"widget\" data-widget_type=\"heading.default\">\n\t\t\t\t\t<h2 class=\"elementor-heading-title elementor-size-default\"><a href=\"https:\/\/www.agw-nw.de\/en\/statements-2025\/\">Statements 2025<\/a><\/h2>\t\t\t\t<\/div>\n\t\t\t\t<\/div>\n\t\t<div class=\"elementor-element elementor-element-a19bbfc e-con-full e-flex e-con e-child\" data-id=\"a19bbfc\" data-element_type=\"container\" data-e-type=\"container\" data-settings=\"{&quot;background_background&quot;:&quot;classic&quot;}\">\n\t\t\t\t<div class=\"elementor-element elementor-element-ed0ba2b elementor-widget elementor-widget-heading\" data-id=\"ed0ba2b\" data-element_type=\"widget\" data-e-type=\"widget\" data-widget_type=\"heading.default\">\n\t\t\t\t\t<h2 class=\"elementor-heading-title elementor-size-default\"><a href=\"https:\/\/www.agw-nw.de\/en\/stellungnahmen-2024\/\" target=\"_blank\">Statements 2024<\/a><\/h2>\t\t\t\t<\/div>\n\t\t\t\t<\/div>\n\t\t<div class=\"elementor-element elementor-element-613c0fe e-con-full e-flex e-con e-child\" data-id=\"613c0fe\" data-element_type=\"container\" data-e-type=\"container\" data-settings=\"{&quot;background_background&quot;:&quot;classic&quot;}\">\n\t\t\t\t<div class=\"elementor-element elementor-element-54d6d45 elementor-widget elementor-widget-heading\" data-id=\"54d6d45\" data-element_type=\"widget\" data-e-type=\"widget\" data-widget_type=\"heading.default\">\n\t\t\t\t\t<h2 class=\"elementor-heading-title elementor-size-default\"><a href=\"https:\/\/www.agw-nw.de\/en\/stellungnahmen-2023\/\" target=\"_blank\">Statements 2023<\/a><\/h2>\t\t\t\t<\/div>\n\t\t\t\t<\/div>\n\t\t\t\t<\/div>\n\t\t\t\t\t<\/div>\n\t\t\t\t<\/div>\n\t\t\t\t<\/div>","protected":false},"excerpt":{"rendered":"<p>Stellungnahmen der agw im Jahre 2026 01.04.2026: agw-Stellungnahme zum Gesetzentwurf der Landesregierung f\u00fcr ein Gesetz zur Anpassung verbands- und wasserrechtlicher Vorschriften mit Stand 04.03.2026 \/ Aktenzeichen IV-1 61.01.04.00 23.02.2026: Teilnahme der agw\u00a0an der \u00d6ffentlichen Konsultation der EU-Kommission zum neuen europ\u00e4ischen Rahmen f\u00fcr Klimaresilienz 06.02.2026:\u00a0agw-Stellungnahme\u00a0zum Referentenentwurf des MUNV zur H2O-NRW Zukunftsstrategie Wasser Stellungnahmen 2025 Stellungnahmen 2024 [&hellip;]<\/p>\n","protected":false},"author":42,"featured_media":0,"parent":0,"menu_order":0,"comment_status":"closed","ping_status":"closed","template":"","meta":{"_acf_changed":false,"footnotes":""},"class_list":["post-11444","page","type-page","status-publish","hentry"],"acf":[],"yoast_head":"<!-- This site is optimized with the Yoast SEO plugin v27.2 - https:\/\/yoast.com\/product\/yoast-seo-wordpress\/ -->\n<title>AGW-NRW - Aktuelle Stellungnahmen<\/title>\n<meta name=\"description\" content=\"In diesen Stellungnahmen \u00e4u\u00dfert sich die agw zu Gesetzes\u00e4nderungen und wichtigen Fragen der Gew\u00e4sserbewirtschaftung in NRW.\" \/>\n<meta name=\"robots\" content=\"index, follow, max-snippet:-1, max-image-preview:large, max-video-preview:-1\" \/>\n<link rel=\"canonical\" href=\"https:\/\/www.agw-nw.de\/en\/statements-2026\/\" \/>\n<meta property=\"og:locale\" content=\"en_GB\" \/>\n<meta property=\"og:type\" content=\"article\" \/>\n<meta property=\"og:title\" content=\"AGW-NRW - Aktuelle Stellungnahmen\" \/>\n<meta property=\"og:description\" content=\"In diesen Stellungnahmen \u00e4u\u00dfert sich die agw zu Gesetzes\u00e4nderungen und wichtigen Fragen der Gew\u00e4sserbewirtschaftung in NRW.\" \/>\n<meta property=\"og:url\" content=\"https:\/\/www.agw-nw.de\/en\/statements-2026\/\" \/>\n<meta property=\"og:site_name\" content=\"AGW-NRW\" \/>\n<meta property=\"article:modified_time\" content=\"2026-04-01T06:03:21+00:00\" \/>\n<meta name=\"twitter:card\" content=\"summary_large_image\" \/>\n<meta name=\"twitter:label1\" content=\"Estimated reading time\" \/>\n\t<meta name=\"twitter:data1\" content=\"1 minute\" \/>\n<script type=\"application\/ld+json\" class=\"yoast-schema-graph\">{\"@context\":\"https:\/\/schema.org\",\"@graph\":[{\"@type\":\"WebPage\",\"@id\":\"https:\/\/www.agw-nw.de\/stellungnahmen-2026\/\",\"url\":\"https:\/\/www.agw-nw.de\/stellungnahmen-2026\/\",\"name\":\"AGW-NRW - Aktuelle Stellungnahmen\",\"isPartOf\":{\"@id\":\"https:\/\/www.agw-nw.de\/#website\"},\"datePublished\":\"2026-02-11T09:32:17+00:00\",\"dateModified\":\"2026-04-01T06:03:21+00:00\",\"description\":\"In diesen Stellungnahmen \u00e4u\u00dfert sich die agw zu Gesetzes\u00e4nderungen und wichtigen Fragen der Gew\u00e4sserbewirtschaftung in NRW.\",\"breadcrumb\":{\"@id\":\"https:\/\/www.agw-nw.de\/stellungnahmen-2026\/#breadcrumb\"},\"inLanguage\":\"en-GB\",\"potentialAction\":[{\"@type\":\"ReadAction\",\"target\":[\"https:\/\/www.agw-nw.de\/stellungnahmen-2026\/\"]}]},{\"@type\":\"BreadcrumbList\",\"@id\":\"https:\/\/www.agw-nw.de\/stellungnahmen-2026\/#breadcrumb\",\"itemListElement\":[{\"@type\":\"ListItem\",\"position\":1,\"name\":\"Home\",\"item\":\"https:\/\/www.agw-nw.de\/\"},{\"@type\":\"ListItem\",\"position\":2,\"name\":\"Stellungnahmen 2026\"}]},{\"@type\":\"WebSite\",\"@id\":\"https:\/\/www.agw-nw.de\/#website\",\"url\":\"https:\/\/www.agw-nw.de\/\",\"name\":\"AGW-NRW\",\"description\":\"\",\"potentialAction\":[{\"@type\":\"SearchAction\",\"target\":{\"@type\":\"EntryPoint\",\"urlTemplate\":\"https:\/\/www.agw-nw.de\/?s={search_term_string}\"},\"query-input\":{\"@type\":\"PropertyValueSpecification\",\"valueRequired\":true,\"valueName\":\"search_term_string\"}}],\"inLanguage\":\"en-GB\"}]}<\/script>\n<!-- \/ Yoast SEO plugin. -->","yoast_head_json":{"title":"AGW-NRW - Current statements","description":"In these statements, the agw comments on legislative changes and important water management issues in NRW.","robots":{"index":"index","follow":"follow","max-snippet":"max-snippet:-1","max-image-preview":"max-image-preview:large","max-video-preview":"max-video-preview:-1"},"canonical":"https:\/\/www.agw-nw.de\/en\/statements-2026\/","og_locale":"en_GB","og_type":"article","og_title":"AGW-NRW - Aktuelle Stellungnahmen","og_description":"In diesen Stellungnahmen \u00e4u\u00dfert sich die agw zu Gesetzes\u00e4nderungen und wichtigen Fragen der Gew\u00e4sserbewirtschaftung in NRW.","og_url":"https:\/\/www.agw-nw.de\/en\/statements-2026\/","og_site_name":"AGW-NRW","article_modified_time":"2026-04-01T06:03:21+00:00","twitter_card":"summary_large_image","twitter_misc":{"Estimated reading time":"1 minute"},"schema":{"@context":"https:\/\/schema.org","@graph":[{"@type":"WebPage","@id":"https:\/\/www.agw-nw.de\/stellungnahmen-2026\/","url":"https:\/\/www.agw-nw.de\/stellungnahmen-2026\/","name":"AGW-NRW - Current statements","isPartOf":{"@id":"https:\/\/www.agw-nw.de\/#website"},"datePublished":"2026-02-11T09:32:17+00:00","dateModified":"2026-04-01T06:03:21+00:00","description":"In these statements, the agw comments on legislative changes and important water management issues in NRW.","breadcrumb":{"@id":"https:\/\/www.agw-nw.de\/stellungnahmen-2026\/#breadcrumb"},"inLanguage":"en-GB","potentialAction":[{"@type":"ReadAction","target":["https:\/\/www.agw-nw.de\/stellungnahmen-2026\/"]}]},{"@type":"BreadcrumbList","@id":"https:\/\/www.agw-nw.de\/stellungnahmen-2026\/#breadcrumb","itemListElement":[{"@type":"ListItem","position":1,"name":"Home","item":"https:\/\/www.agw-nw.de\/"},{"@type":"ListItem","position":2,"name":"Stellungnahmen 2026"}]},{"@type":"WebSite","@id":"https:\/\/www.agw-nw.de\/#website","url":"https:\/\/www.agw-nw.de\/","name":"AGW-NRW","description":"","potentialAction":[{"@type":"SearchAction","target":{"@type":"EntryPoint","urlTemplate":"https:\/\/www.agw-nw.de\/?s={search_term_string}"},"query-input":{"@type":"PropertyValueSpecification","valueRequired":true,"valueName":"search_term_string"}}],"inLanguage":"en-GB"}]}},"_links":{"self":[{"href":"https:\/\/www.agw-nw.de\/en\/wp-json\/wp\/v2\/pages\/11444","targetHints":{"allow":["GET"]}}],"collection":[{"href":"https:\/\/www.agw-nw.de\/en\/wp-json\/wp\/v2\/pages"}],"about":[{"href":"https:\/\/www.agw-nw.de\/en\/wp-json\/wp\/v2\/types\/page"}],"author":[{"embeddable":true,"href":"https:\/\/www.agw-nw.de\/en\/wp-json\/wp\/v2\/users\/42"}],"replies":[{"embeddable":true,"href":"https:\/\/www.agw-nw.de\/en\/wp-json\/wp\/v2\/comments?post=11444"}],"version-history":[{"count":59,"href":"https:\/\/www.agw-nw.de\/en\/wp-json\/wp\/v2\/pages\/11444\/revisions"}],"predecessor-version":[{"id":12269,"href":"https:\/\/www.agw-nw.de\/en\/wp-json\/wp\/v2\/pages\/11444\/revisions\/12269"}],"wp:attachment":[{"href":"https:\/\/www.agw-nw.de\/en\/wp-json\/wp\/v2\/media?parent=11444"}],"curies":[{"name":"wp","href":"https:\/\/api.w.org\/{rel}","templated":true}]}}