{"id":2763,"date":"2025-08-28T06:05:17","date_gmt":"2025-08-28T06:05:17","guid":{"rendered":"https:\/\/www.agw-nw.de\/?page_id=2763"},"modified":"2026-01-13T15:21:36","modified_gmt":"2026-01-13T15:21:36","slug":"about-us","status":"publish","type":"page","link":"https:\/\/www.agw-nw.de\/en\/ueber-uns\/","title":{"rendered":"ABOUT US"},"content":{"rendered":"<div data-elementor-type=\"wp-page\" data-elementor-id=\"2763\" class=\"elementor elementor-2763\" data-elementor-post-type=\"page\">\n\t\t\t\t<div class=\"elementor-element elementor-element-3943dc8 e-flex e-con-boxed e-con e-parent\" data-id=\"3943dc8\" data-element_type=\"container\" data-e-type=\"container\" data-settings=\"{&quot;background_background&quot;:&quot;classic&quot;}\">\n\t\t\t\t\t<div class=\"e-con-inner\">\n\t\t<div class=\"elementor-element elementor-element-cff8cdd e-con-full e-flex e-con e-child\" data-id=\"cff8cdd\" data-element_type=\"container\" data-e-type=\"container\" data-settings=\"{&quot;background_background&quot;:&quot;classic&quot;}\">\n\t\t\t\t<div class=\"elementor-element elementor-element-b777541 elementor-widget elementor-widget-heading\" data-id=\"b777541\" data-element_type=\"widget\" data-e-type=\"widget\" data-widget_type=\"heading.default\">\n\t\t\t\t\t<h2 class=\"elementor-heading-title elementor-size-default\">Water management from a single source: agw<\/h2>\t\t\t\t<\/div>\n\t\t\t\t<\/div>\n\t\t\t\t\t<\/div>\n\t\t\t\t<\/div>\n\t\t<div class=\"elementor-element elementor-element-cb7b8cf e-flex e-con-boxed e-con e-parent\" data-id=\"cb7b8cf\" data-element_type=\"container\" data-e-type=\"container\">\n\t\t\t\t\t<div class=\"e-con-inner\">\n\t\t\t\t<div class=\"elementor-element elementor-element-debe8c7 elementor-widget elementor-widget-spacer\" data-id=\"debe8c7\" data-element_type=\"widget\" data-e-type=\"widget\" data-widget_type=\"spacer.default\">\n\t\t\t\t\t\t\t<div class=\"elementor-spacer\">\n\t\t\t<div class=\"elementor-spacer-inner\"><\/div>\n\t\t<\/div>\n\t\t\t\t\t\t<\/div>\n\t\t\t\t<div class=\"elementor-element elementor-element-937f0a0 elementor-widget elementor-widget-text-editor\" data-id=\"937f0a0\" data-element_type=\"widget\" data-e-type=\"widget\" data-widget_type=\"text-editor.default\">\n\t\t\t\t\t\t\t\t\t<p>Water is the most important basis of life for humans and nature. Access to clean drinking water, the purification of wastewater and the maintenance of water bodies is part of the provision of public services. The water management associations in NRW make a significant contribution to this by managing water resources sustainably. Since 2006, the major water management associations in North Rhine-Westphalia have been organised in the agw, the working group of water management associations in NRW.<\/p><p>\u00a0<\/p><p>Special statutory water management associations are unique in Germany. They are institutions with democratic legitimisation and are committed to solidarity-based, sustainable and holistic water management on a public law basis. As non-profit organisations, they are responsible for the self-administration of water management and thus relieve the state of its burden.<\/p><p>\u00a0<\/p><p>\u00a0<\/p><p><b>Tasks of the agw <\/b><\/p><p>With the strengths of our member organisations, we are committed to shaping a sustainable water future and help to raise public awareness of the importance of water as a resource - through holistic river basin management that transcends municipal boundaries and guarantees the responsible use of our natural resources. We promote dialogue and cooperation between our members and represent their interests vis-\u00e0-vis political bodies and institutions. We are also particularly concerned with the next generation of water management professionals. Our aim is to attract skilled workers to the water industry and to inspire them for this forward-looking sector. Together, we are creating a strong foundation for the water industry of tomorrow.<\/p>\t\t\t\t\t\t\t\t<\/div>\n\t\t\t\t\t<\/div>\n\t\t\t\t<\/div>\n\t\t<div class=\"elementor-element elementor-element-a94b12b arbeit-group-wrapper e-flex e-con-boxed e-con e-parent\" data-id=\"a94b12b\" data-element_type=\"container\" data-e-type=\"container\">\n\t\t\t\t\t<div class=\"e-con-inner\">\n\t\t<div class=\"elementor-element elementor-element-bca9456 e-con-full arbe-box e-flex e-con e-child\" data-id=\"bca9456\" data-element_type=\"container\" data-e-type=\"container\" data-settings=\"{&quot;background_background&quot;:&quot;classic&quot;}\">\n\t\t\t\t<div class=\"elementor-element elementor-element-29e7787 elementor-widget elementor-widget-heading\" data-id=\"29e7787\" data-element_type=\"widget\" data-e-type=\"widget\" data-widget_type=\"heading.default\">\n\t\t\t\t\t<h2 class=\"elementor-heading-title elementor-size-default\"><a href=\"\/en\/office\/\">Office<\/a><\/h2>\t\t\t\t<\/div>\n\t\t\t\t<\/div>\n\t\t<div class=\"elementor-element elementor-element-a1a6146 e-con-full arbe-box e-flex e-con e-child\" data-id=\"a1a6146\" data-element_type=\"container\" data-e-type=\"container\" data-settings=\"{&quot;background_background&quot;:&quot;classic&quot;}\">\n\t\t\t\t<div class=\"elementor-element elementor-element-b2156a7 elementor-widget elementor-widget-heading\" data-id=\"b2156a7\" data-element_type=\"widget\" data-e-type=\"widget\" data-widget_type=\"heading.default\">\n\t\t\t\t\t<h2 class=\"elementor-heading-title elementor-size-default\"><a href=\"\/en\/executive-board-2026\/\">Management Board<\/a><\/h2>\t\t\t\t<\/div>\n\t\t\t\t<\/div>\n\t\t<div class=\"elementor-element elementor-element-911ec10 e-con-full arbe-box e-flex e-con e-child\" data-id=\"911ec10\" data-element_type=\"container\" data-e-type=\"container\" data-settings=\"{&quot;background_background&quot;:&quot;classic&quot;}\">\n\t\t\t\t<div class=\"elementor-element elementor-element-1605a26 elementor-widget elementor-widget-heading\" data-id=\"1605a26\" data-element_type=\"widget\" data-e-type=\"widget\" data-widget_type=\"heading.default\">\n\t\t\t\t\t<h2 class=\"elementor-heading-title elementor-size-default\"><a href=\"\/en\/guidelines-and-articles-of-association\/\">Guidelines and Articles of Association<\/a><\/h2>\t\t\t\t<\/div>\n\t\t\t\t<\/div>\n\t\t\t\t\t<\/div>\n\t\t\t\t<\/div>\n\t\t<div class=\"elementor-element elementor-element-4714791 arbeit-group-wrapper e-flex e-con-boxed e-con e-parent\" data-id=\"4714791\" data-element_type=\"container\" data-e-type=\"container\">\n\t\t\t\t\t<div class=\"e-con-inner\">\n\t\t<div class=\"elementor-element elementor-element-dfb3cca e-con-full arbe-box e-flex e-con e-child\" data-id=\"dfb3cca\" data-element_type=\"container\" data-e-type=\"container\" data-settings=\"{&quot;background_background&quot;:&quot;classic&quot;}\">\n\t\t\t\t<div class=\"elementor-element elementor-element-c281deb elementor-widget elementor-widget-heading\" data-id=\"c281deb\" data-element_type=\"widget\" data-e-type=\"widget\" data-widget_type=\"heading.default\">\n\t\t\t\t\t<h2 class=\"elementor-heading-title elementor-size-default\"><a href=\"\/en\/publications\/\">Publications<\/a><\/h2>\t\t\t\t<\/div>\n\t\t\t\t<\/div>\n\t\t<div class=\"elementor-element elementor-element-67b636f e-con-full arbe-box e-flex e-con e-child\" data-id=\"67b636f\" data-element_type=\"container\" data-e-type=\"container\" data-settings=\"{&quot;background_background&quot;:&quot;classic&quot;}\">\n\t\t\t\t<div class=\"elementor-element elementor-element-579fc1e elementor-widget elementor-widget-heading\" data-id=\"579fc1e\" data-element_type=\"widget\" data-e-type=\"widget\" data-widget_type=\"heading.default\">\n\t\t\t\t\t<h2 class=\"elementor-heading-title elementor-size-default\"><a href=\"\/en\/about-us-working-groups\/\">Active working groups<\/a><\/h2>\t\t\t\t<\/div>\n\t\t\t\t<\/div>\n\t\t\t\t\t<\/div>\n\t\t\t\t<\/div>\n\t\t\t\t<\/div>","protected":false},"excerpt":{"rendered":"<p>Wasserwirtschaft aus einer Hand: die agw Wasser ist die wichtigste Lebensgrundlage f\u00fcr Mensch und Natur. Der Zugang zu sauberem Trinkwasser, die Reinigung von Abwasser und die Unterhaltung der Gew\u00e4sser ist Teil der Daseinsvorsorge. Die Wasserwirtschaftsverb\u00e4nde in NRW tragen dazu ma\u00dfgeblich bei, indem sie die Wasserressourcen nachhaltig bewirtschaften. Seit 2006 organisieren sich die gro\u00dfen Wasserwirtschaftsverb\u00e4nde Nordrhein-Westfalens [&hellip;]<\/p>\n","protected":false},"author":1,"featured_media":0,"parent":0,"menu_order":0,"comment_status":"closed","ping_status":"closed","template":"elementor_header_footer","meta":{"_acf_changed":false,"footnotes":""},"class_list":["post-2763","page","type-page","status-publish","hentry"],"acf":[],"yoast_head":"<!-- This site is optimized with the Yoast SEO plugin v27.2 - https:\/\/yoast.com\/product\/yoast-seo-wordpress\/ -->\n<title>AGW-NRW: Wasserwirtschaft aus einer Hand: die agw<\/title>\n<meta name=\"description\" content=\"Seit 2006 organisiert sich ein Gro\u00dfteil der Wasserwirtschaftsverb\u00e4nde Nordrhein-Westfalens in der agw, der Arbeitsgemeinschaft der Wasserwirtschaftsverb\u00e4nde in NRW\" \/>\n<meta name=\"robots\" content=\"index, follow, max-snippet:-1, max-image-preview:large, max-video-preview:-1\" \/>\n<link rel=\"canonical\" href=\"https:\/\/www.agw-nw.de\/en\/about-us\/\" \/>\n<meta property=\"og:locale\" content=\"en_GB\" \/>\n<meta property=\"og:type\" content=\"article\" \/>\n<meta property=\"og:title\" content=\"AGW-NRW: Wasserwirtschaft aus einer Hand: die agw\" \/>\n<meta property=\"og:description\" content=\"Seit 2006 organisiert sich ein Gro\u00dfteil der Wasserwirtschaftsverb\u00e4nde Nordrhein-Westfalens in der agw, der Arbeitsgemeinschaft der Wasserwirtschaftsverb\u00e4nde in NRW\" \/>\n<meta property=\"og:url\" content=\"https:\/\/www.agw-nw.de\/en\/about-us\/\" \/>\n<meta property=\"og:site_name\" content=\"AGW-NRW\" \/>\n<meta property=\"article:modified_time\" content=\"2026-01-13T15:21:36+00:00\" \/>\n<meta name=\"twitter:card\" content=\"summary_large_image\" \/>\n<meta name=\"twitter:label1\" content=\"Estimated reading time\" \/>\n\t<meta name=\"twitter:data1\" content=\"2 minutes\" \/>\n<script type=\"application\/ld+json\" class=\"yoast-schema-graph\">{\"@context\":\"https:\/\/schema.org\",\"@graph\":[{\"@type\":\"WebPage\",\"@id\":\"https:\/\/www.agw-nw.de\/ueber-uns\/\",\"url\":\"https:\/\/www.agw-nw.de\/ueber-uns\/\",\"name\":\"AGW-NRW: Wasserwirtschaft aus einer Hand: die agw\",\"isPartOf\":{\"@id\":\"https:\/\/www.agw-nw.de\/#website\"},\"datePublished\":\"2025-08-28T06:05:17+00:00\",\"dateModified\":\"2026-01-13T15:21:36+00:00\",\"description\":\"Seit 2006 organisiert sich ein Gro\u00dfteil der Wasserwirtschaftsverb\u00e4nde Nordrhein-Westfalens in der agw, der Arbeitsgemeinschaft der Wasserwirtschaftsverb\u00e4nde in NRW\",\"breadcrumb\":{\"@id\":\"https:\/\/www.agw-nw.de\/ueber-uns\/#breadcrumb\"},\"inLanguage\":\"en-GB\",\"potentialAction\":[{\"@type\":\"ReadAction\",\"target\":[\"https:\/\/www.agw-nw.de\/ueber-uns\/\"]}]},{\"@type\":\"BreadcrumbList\",\"@id\":\"https:\/\/www.agw-nw.de\/ueber-uns\/#breadcrumb\",\"itemListElement\":[{\"@type\":\"ListItem\",\"position\":1,\"name\":\"Home\",\"item\":\"https:\/\/www.agw-nw.de\/\"},{\"@type\":\"ListItem\",\"position\":2,\"name\":\"\u00dcBER UNS\"}]},{\"@type\":\"WebSite\",\"@id\":\"https:\/\/www.agw-nw.de\/#website\",\"url\":\"https:\/\/www.agw-nw.de\/\",\"name\":\"AGW-NRW\",\"description\":\"\",\"potentialAction\":[{\"@type\":\"SearchAction\",\"target\":{\"@type\":\"EntryPoint\",\"urlTemplate\":\"https:\/\/www.agw-nw.de\/?s={search_term_string}\"},\"query-input\":{\"@type\":\"PropertyValueSpecification\",\"valueRequired\":true,\"valueName\":\"search_term_string\"}}],\"inLanguage\":\"en-GB\"}]}<\/script>\n<!-- \/ Yoast SEO plugin. -->","yoast_head_json":{"title":"AGW-NRW: Water management from a single source: the agw","description":"Since 2006, the majority of water management associations in North Rhine-Westphalia have been organised in the agw, the working group of water management associations in NRW","robots":{"index":"index","follow":"follow","max-snippet":"max-snippet:-1","max-image-preview":"max-image-preview:large","max-video-preview":"max-video-preview:-1"},"canonical":"https:\/\/www.agw-nw.de\/en\/about-us\/","og_locale":"en_GB","og_type":"article","og_title":"AGW-NRW: Wasserwirtschaft aus einer Hand: die agw","og_description":"Seit 2006 organisiert sich ein Gro\u00dfteil der Wasserwirtschaftsverb\u00e4nde Nordrhein-Westfalens in der agw, der Arbeitsgemeinschaft der Wasserwirtschaftsverb\u00e4nde in NRW","og_url":"https:\/\/www.agw-nw.de\/en\/about-us\/","og_site_name":"AGW-NRW","article_modified_time":"2026-01-13T15:21:36+00:00","twitter_card":"summary_large_image","twitter_misc":{"Estimated reading time":"2 minutes"},"schema":{"@context":"https:\/\/schema.org","@graph":[{"@type":"WebPage","@id":"https:\/\/www.agw-nw.de\/ueber-uns\/","url":"https:\/\/www.agw-nw.de\/ueber-uns\/","name":"AGW-NRW: Water management from a single source: the agw","isPartOf":{"@id":"https:\/\/www.agw-nw.de\/#website"},"datePublished":"2025-08-28T06:05:17+00:00","dateModified":"2026-01-13T15:21:36+00:00","description":"Since 2006, the majority of water management associations in North Rhine-Westphalia have been organised in the agw, the working group of water management associations in NRW","breadcrumb":{"@id":"https:\/\/www.agw-nw.de\/ueber-uns\/#breadcrumb"},"inLanguage":"en-GB","potentialAction":[{"@type":"ReadAction","target":["https:\/\/www.agw-nw.de\/ueber-uns\/"]}]},{"@type":"BreadcrumbList","@id":"https:\/\/www.agw-nw.de\/ueber-uns\/#breadcrumb","itemListElement":[{"@type":"ListItem","position":1,"name":"Home","item":"https:\/\/www.agw-nw.de\/"},{"@type":"ListItem","position":2,"name":"\u00dcBER UNS"}]},{"@type":"WebSite","@id":"https:\/\/www.agw-nw.de\/#website","url":"https:\/\/www.agw-nw.de\/","name":"AGW-NRW","description":"","potentialAction":[{"@type":"SearchAction","target":{"@type":"EntryPoint","urlTemplate":"https:\/\/www.agw-nw.de\/?s={search_term_string}"},"query-input":{"@type":"PropertyValueSpecification","valueRequired":true,"valueName":"search_term_string"}}],"inLanguage":"en-GB"}]}},"_links":{"self":[{"href":"https:\/\/www.agw-nw.de\/en\/wp-json\/wp\/v2\/pages\/2763","targetHints":{"allow":["GET"]}}],"collection":[{"href":"https:\/\/www.agw-nw.de\/en\/wp-json\/wp\/v2\/pages"}],"about":[{"href":"https:\/\/www.agw-nw.de\/en\/wp-json\/wp\/v2\/types\/page"}],"author":[{"embeddable":true,"href":"https:\/\/www.agw-nw.de\/en\/wp-json\/wp\/v2\/users\/1"}],"replies":[{"embeddable":true,"href":"https:\/\/www.agw-nw.de\/en\/wp-json\/wp\/v2\/comments?post=2763"}],"version-history":[{"count":100,"href":"https:\/\/www.agw-nw.de\/en\/wp-json\/wp\/v2\/pages\/2763\/revisions"}],"predecessor-version":[{"id":11107,"href":"https:\/\/www.agw-nw.de\/en\/wp-json\/wp\/v2\/pages\/2763\/revisions\/11107"}],"wp:attachment":[{"href":"https:\/\/www.agw-nw.de\/en\/wp-json\/wp\/v2\/media?parent=2763"}],"curies":[{"name":"wp","href":"https:\/\/api.w.org\/{rel}","templated":true}]}}