{"id":3669,"date":"2025-09-24T14:19:24","date_gmt":"2025-09-24T14:19:24","guid":{"rendered":"https:\/\/www.agw-nw.de\/?page_id=3669"},"modified":"2026-02-11T09:40:45","modified_gmt":"2026-02-11T09:40:45","slug":"office","status":"publish","type":"page","link":"https:\/\/www.agw-nw.de\/en\/ueber-uns\/geschaftsstelle\/","title":{"rendered":"Office"},"content":{"rendered":"<div data-elementor-type=\"wp-page\" data-elementor-id=\"3669\" class=\"elementor elementor-3669\" data-elementor-post-type=\"page\">\n\t\t\t\t<div class=\"elementor-element elementor-element-446b1b5 e-flex e-con-boxed e-con e-parent\" data-id=\"446b1b5\" data-element_type=\"container\" data-e-type=\"container\" data-settings=\"{&quot;background_background&quot;:&quot;classic&quot;}\">\n\t\t\t\t\t<div class=\"e-con-inner\">\n\t\t<div class=\"elementor-element elementor-element-0a7c51b e-con-full e-flex e-con e-child\" data-id=\"0a7c51b\" data-element_type=\"container\" data-e-type=\"container\" data-settings=\"{&quot;background_background&quot;:&quot;classic&quot;}\">\n\t\t\t\t<div class=\"elementor-element elementor-element-a2ff4fd elementor-widget elementor-widget-heading\" data-id=\"a2ff4fd\" data-element_type=\"widget\" data-e-type=\"widget\" data-widget_type=\"heading.default\">\n\t\t\t\t\t<h2 class=\"elementor-heading-title elementor-size-default\">Your direct line to us: <br>the office of the agw<\/h2>\t\t\t\t<\/div>\n\t\t\t\t<\/div>\n\t\t\t\t\t<\/div>\n\t\t\t\t<\/div>\n\t\t<div class=\"elementor-element elementor-element-0278270 e-flex e-con-boxed e-con e-parent\" data-id=\"0278270\" data-element_type=\"container\" data-e-type=\"container\">\n\t\t\t\t\t<div class=\"e-con-inner\">\n\t\t\t\t<div class=\"elementor-element elementor-element-0d0aa9c elementor-widget elementor-widget-spacer\" data-id=\"0d0aa9c\" data-element_type=\"widget\" data-e-type=\"widget\" data-widget_type=\"spacer.default\">\n\t\t\t\t\t\t\t<div class=\"elementor-spacer\">\n\t\t\t<div class=\"elementor-spacer-inner\"><\/div>\n\t\t<\/div>\n\t\t\t\t\t\t<\/div>\n\t\t\t\t<div class=\"elementor-element elementor-element-c1f33c7 elementor-widget elementor-widget-text-editor\" data-id=\"c1f33c7\" data-element_type=\"widget\" data-e-type=\"widget\" data-widget_type=\"text-editor.default\">\n\t\t\t\t\t\t\t\t\t<p>Our office in Bergheim is always at your disposal for information and questions about NRW water management. Give us a call or send us an e-mail.<\/p>\t\t\t\t\t\t\t\t<\/div>\n\t\t\t\t<div class=\"elementor-element elementor-element-e783cef elementor-widget elementor-widget-image\" data-id=\"e783cef\" data-element_type=\"widget\" data-e-type=\"widget\" data-widget_type=\"image.default\">\n\t\t\t\t\t\t\t\t\t\t\t\t\t\t\t<img fetchpriority=\"high\" decoding=\"async\" width=\"1536\" height=\"864\" src=\"https:\/\/www.agw-nw.de\/wp-content\/uploads\/2026\/02\/2025_teamfoto_sommerfest-1536x864.jpg\" class=\"attachment-1536x1536 size-1536x1536 wp-image-11453\" alt=\"\" srcset=\"https:\/\/www.agw-nw.de\/wp-content\/uploads\/2026\/02\/2025_teamfoto_sommerfest-1536x864.jpg 1536w, https:\/\/www.agw-nw.de\/wp-content\/uploads\/2026\/02\/2025_teamfoto_sommerfest-300x169.jpg 300w, https:\/\/www.agw-nw.de\/wp-content\/uploads\/2026\/02\/2025_teamfoto_sommerfest-1024x576.jpg 1024w, https:\/\/www.agw-nw.de\/wp-content\/uploads\/2026\/02\/2025_teamfoto_sommerfest-768x432.jpg 768w, https:\/\/www.agw-nw.de\/wp-content\/uploads\/2026\/02\/2025_teamfoto_sommerfest-18x10.jpg 18w, https:\/\/www.agw-nw.de\/wp-content\/uploads\/2026\/02\/2025_teamfoto_sommerfest.jpg 1600w\" sizes=\"(max-width: 1536px) 100vw, 1536px\" \/>\t\t\t\t\t\t\t\t\t\t\t\t\t\t\t<\/div>\n\t\t\t\t<div class=\"elementor-element elementor-element-6a391f5 elementor-widget elementor-widget-text-editor\" data-id=\"6a391f5\" data-element_type=\"widget\" data-e-type=\"widget\" data-widget_type=\"text-editor.default\">\n\t\t\t\t\t\t\t\t\t<p><strong>Managing Director<\/strong><br>Jennifer Sch\u00e4fer-Sack<br>Tel.: 02271 88-1278<\/p>\n<p>Am Erftverband 6<br>50126 Bergheim<br>E-Mail:&nbsp;<a href=\"mailto:j.schaefer-sack@agw-nw.de\"><strong>j.schaefer-sack@agw-nw.de<\/strong><\/a><\/p><p><br><\/p>\n<p><strong>Research assistant<\/strong><br>Petra Kuhr<br>Tel.: 02271 88-1978<br>E-Mail:&nbsp;<a href=\"mailto:p.kuhr@agw-nw.de\"><strong>p.kuhr@agw-nw.de<\/strong><\/a><\/p><p><br><\/p>\n<p><strong>Assistance<\/strong><br>Lara Bittner<br>Tel.: 02271 88-1878<\/p>\n<p>E-Mail:&nbsp;<a href=\"mailto:l.bittner@agw-nw.de\"><strong>l.bittner@agw-nw.de<\/strong><\/a><\/p>\t\t\t\t\t\t\t\t<\/div>\n\t\t\t\t\t<\/div>\n\t\t\t\t<\/div>\n\t\t\t\t<\/div>","protected":false},"excerpt":{"rendered":"<p>Ihr direkter Draht zu uns: die Gesch\u00e4ftsstelle der agw F\u00fcr Informationen und Fragen zur Wasserwirtschaft NRW steht Ihnen\u00a0unsere Gesch\u00e4ftsstelle in Bergheim jederzeit zur Verf\u00fcgung. Rufen Sie uns an oder schreiben Sie uns eine E-Mail. Gesch\u00e4ftsf\u00fchrerinJennifer Sch\u00e4fer-SackTel.: 02271 88-1278 Am Erftverband 650126 BergheimE-Mail:&nbsp;j.schaefer-sack@agw-nw.de Wissenschaftliche MitarbeiterinPetra KuhrTel.: 02271 88-1978E-Mail:&nbsp;p.kuhr@agw-nw.de AssistenzLara BittnerTel.: 02271 88-1878 E-Mail:&nbsp;l.bittner@agw-nw.de<\/p>","protected":false},"author":1,"featured_media":0,"parent":2763,"menu_order":0,"comment_status":"closed","ping_status":"closed","template":"","meta":{"_acf_changed":false,"footnotes":""},"class_list":["post-3669","page","type-page","status-publish","hentry"],"acf":[],"yoast_head":"<!-- This site is optimized with the Yoast SEO plugin v27.2 - https:\/\/yoast.com\/product\/yoast-seo-wordpress\/ -->\n<title>AGW-NRW: Ihr direkter Draht zu uns: die Gesch\u00e4ftsstelle der agw<\/title>\n<meta name=\"description\" content=\"Sie m\u00f6chten Kontakt mit der agw aufnehmen? Rufen Sie uns an oder schreiben Sie uns eine E-Mail!\" \/>\n<meta name=\"robots\" content=\"index, follow, max-snippet:-1, max-image-preview:large, max-video-preview:-1\" \/>\n<link rel=\"canonical\" href=\"https:\/\/www.agw-nw.de\/en\/about-us\/office\/\" \/>\n<meta property=\"og:locale\" content=\"en_GB\" \/>\n<meta property=\"og:type\" content=\"article\" \/>\n<meta property=\"og:title\" content=\"AGW-NRW: Ihr direkter Draht zu uns: die Gesch\u00e4ftsstelle der agw\" \/>\n<meta property=\"og:description\" content=\"Sie m\u00f6chten Kontakt mit der agw aufnehmen? Rufen Sie uns an oder schreiben Sie uns eine E-Mail!\" \/>\n<meta property=\"og:url\" content=\"https:\/\/www.agw-nw.de\/en\/about-us\/office\/\" \/>\n<meta property=\"og:site_name\" content=\"AGW-NRW\" \/>\n<meta property=\"article:modified_time\" content=\"2026-02-11T09:40:45+00:00\" \/>\n<meta property=\"og:image\" content=\"https:\/\/www.agw-nw.de\/wp-content\/uploads\/2026\/02\/2025_teamfoto_sommerfest-1536x864.jpg\" \/>\n<meta name=\"twitter:card\" content=\"summary_large_image\" \/>\n<meta name=\"twitter:label1\" content=\"Estimated reading time\" \/>\n\t<meta name=\"twitter:data1\" content=\"1 minute\" \/>\n<script type=\"application\/ld+json\" class=\"yoast-schema-graph\">{\"@context\":\"https:\/\/schema.org\",\"@graph\":[{\"@type\":\"WebPage\",\"@id\":\"https:\/\/www.agw-nw.de\/ueber-uns\/geschaftsstelle\/\",\"url\":\"https:\/\/www.agw-nw.de\/ueber-uns\/geschaftsstelle\/\",\"name\":\"AGW-NRW: Ihr direkter Draht zu uns: die Gesch\u00e4ftsstelle der agw\",\"isPartOf\":{\"@id\":\"https:\/\/www.agw-nw.de\/#website\"},\"primaryImageOfPage\":{\"@id\":\"https:\/\/www.agw-nw.de\/ueber-uns\/geschaftsstelle\/#primaryimage\"},\"image\":{\"@id\":\"https:\/\/www.agw-nw.de\/ueber-uns\/geschaftsstelle\/#primaryimage\"},\"thumbnailUrl\":\"https:\/\/www.agw-nw.de\/wp-content\/uploads\/2026\/02\/2025_teamfoto_sommerfest-1536x864.jpg\",\"datePublished\":\"2025-09-24T14:19:24+00:00\",\"dateModified\":\"2026-02-11T09:40:45+00:00\",\"description\":\"Sie m\u00f6chten Kontakt mit der agw aufnehmen? Rufen Sie uns an oder schreiben Sie uns eine E-Mail!\",\"breadcrumb\":{\"@id\":\"https:\/\/www.agw-nw.de\/ueber-uns\/geschaftsstelle\/#breadcrumb\"},\"inLanguage\":\"en-GB\",\"potentialAction\":[{\"@type\":\"ReadAction\",\"target\":[\"https:\/\/www.agw-nw.de\/ueber-uns\/geschaftsstelle\/\"]}]},{\"@type\":\"ImageObject\",\"inLanguage\":\"en-GB\",\"@id\":\"https:\/\/www.agw-nw.de\/ueber-uns\/geschaftsstelle\/#primaryimage\",\"url\":\"https:\/\/www.agw-nw.de\/wp-content\/uploads\/2026\/02\/2025_teamfoto_sommerfest-1536x864.jpg\",\"contentUrl\":\"https:\/\/www.agw-nw.de\/wp-content\/uploads\/2026\/02\/2025_teamfoto_sommerfest-1536x864.jpg\"},{\"@type\":\"BreadcrumbList\",\"@id\":\"https:\/\/www.agw-nw.de\/ueber-uns\/geschaftsstelle\/#breadcrumb\",\"itemListElement\":[{\"@type\":\"ListItem\",\"position\":1,\"name\":\"Home\",\"item\":\"https:\/\/www.agw-nw.de\/\"},{\"@type\":\"ListItem\",\"position\":2,\"name\":\"\u00dcBER UNS\",\"item\":\"https:\/\/www.agw-nw.de\/ueber-uns\/\"},{\"@type\":\"ListItem\",\"position\":3,\"name\":\"Gesch\u00e4ftsstelle\"}]},{\"@type\":\"WebSite\",\"@id\":\"https:\/\/www.agw-nw.de\/#website\",\"url\":\"https:\/\/www.agw-nw.de\/\",\"name\":\"AGW-NRW\",\"description\":\"\",\"potentialAction\":[{\"@type\":\"SearchAction\",\"target\":{\"@type\":\"EntryPoint\",\"urlTemplate\":\"https:\/\/www.agw-nw.de\/?s={search_term_string}\"},\"query-input\":{\"@type\":\"PropertyValueSpecification\",\"valueRequired\":true,\"valueName\":\"search_term_string\"}}],\"inLanguage\":\"en-GB\"}]}<\/script>\n<!-- \/ Yoast SEO plugin. -->","yoast_head_json":{"title":"AGW-NRW: Your direct line to us: the agw office","description":"Would you like to get in touch with agw? Give us a call or send us an e-mail!","robots":{"index":"index","follow":"follow","max-snippet":"max-snippet:-1","max-image-preview":"max-image-preview:large","max-video-preview":"max-video-preview:-1"},"canonical":"https:\/\/www.agw-nw.de\/en\/about-us\/office\/","og_locale":"en_GB","og_type":"article","og_title":"AGW-NRW: Ihr direkter Draht zu uns: die Gesch\u00e4ftsstelle der agw","og_description":"Sie m\u00f6chten Kontakt mit der agw aufnehmen? Rufen Sie uns an oder schreiben Sie uns eine E-Mail!","og_url":"https:\/\/www.agw-nw.de\/en\/about-us\/office\/","og_site_name":"AGW-NRW","article_modified_time":"2026-02-11T09:40:45+00:00","og_image":[{"url":"https:\/\/www.agw-nw.de\/wp-content\/uploads\/2026\/02\/2025_teamfoto_sommerfest-1536x864.jpg","type":"","width":"","height":""}],"twitter_card":"summary_large_image","twitter_misc":{"Estimated reading time":"1 minute"},"schema":{"@context":"https:\/\/schema.org","@graph":[{"@type":"WebPage","@id":"https:\/\/www.agw-nw.de\/ueber-uns\/geschaftsstelle\/","url":"https:\/\/www.agw-nw.de\/ueber-uns\/geschaftsstelle\/","name":"AGW-NRW: Your direct line to us: the agw office","isPartOf":{"@id":"https:\/\/www.agw-nw.de\/#website"},"primaryImageOfPage":{"@id":"https:\/\/www.agw-nw.de\/ueber-uns\/geschaftsstelle\/#primaryimage"},"image":{"@id":"https:\/\/www.agw-nw.de\/ueber-uns\/geschaftsstelle\/#primaryimage"},"thumbnailUrl":"https:\/\/www.agw-nw.de\/wp-content\/uploads\/2026\/02\/2025_teamfoto_sommerfest-1536x864.jpg","datePublished":"2025-09-24T14:19:24+00:00","dateModified":"2026-02-11T09:40:45+00:00","description":"Would you like to get in touch with agw? Give us a call or send us an e-mail!","breadcrumb":{"@id":"https:\/\/www.agw-nw.de\/ueber-uns\/geschaftsstelle\/#breadcrumb"},"inLanguage":"en-GB","potentialAction":[{"@type":"ReadAction","target":["https:\/\/www.agw-nw.de\/ueber-uns\/geschaftsstelle\/"]}]},{"@type":"ImageObject","inLanguage":"en-GB","@id":"https:\/\/www.agw-nw.de\/ueber-uns\/geschaftsstelle\/#primaryimage","url":"https:\/\/www.agw-nw.de\/wp-content\/uploads\/2026\/02\/2025_teamfoto_sommerfest-1536x864.jpg","contentUrl":"https:\/\/www.agw-nw.de\/wp-content\/uploads\/2026\/02\/2025_teamfoto_sommerfest-1536x864.jpg"},{"@type":"BreadcrumbList","@id":"https:\/\/www.agw-nw.de\/ueber-uns\/geschaftsstelle\/#breadcrumb","itemListElement":[{"@type":"ListItem","position":1,"name":"Home","item":"https:\/\/www.agw-nw.de\/"},{"@type":"ListItem","position":2,"name":"\u00dcBER UNS","item":"https:\/\/www.agw-nw.de\/ueber-uns\/"},{"@type":"ListItem","position":3,"name":"Gesch\u00e4ftsstelle"}]},{"@type":"WebSite","@id":"https:\/\/www.agw-nw.de\/#website","url":"https:\/\/www.agw-nw.de\/","name":"AGW-NRW","description":"","potentialAction":[{"@type":"SearchAction","target":{"@type":"EntryPoint","urlTemplate":"https:\/\/www.agw-nw.de\/?s={search_term_string}"},"query-input":{"@type":"PropertyValueSpecification","valueRequired":true,"valueName":"search_term_string"}}],"inLanguage":"en-GB"}]}},"_links":{"self":[{"href":"https:\/\/www.agw-nw.de\/en\/wp-json\/wp\/v2\/pages\/3669","targetHints":{"allow":["GET"]}}],"collection":[{"href":"https:\/\/www.agw-nw.de\/en\/wp-json\/wp\/v2\/pages"}],"about":[{"href":"https:\/\/www.agw-nw.de\/en\/wp-json\/wp\/v2\/types\/page"}],"author":[{"embeddable":true,"href":"https:\/\/www.agw-nw.de\/en\/wp-json\/wp\/v2\/users\/1"}],"replies":[{"embeddable":true,"href":"https:\/\/www.agw-nw.de\/en\/wp-json\/wp\/v2\/comments?post=3669"}],"version-history":[{"count":29,"href":"https:\/\/www.agw-nw.de\/en\/wp-json\/wp\/v2\/pages\/3669\/revisions"}],"predecessor-version":[{"id":11459,"href":"https:\/\/www.agw-nw.de\/en\/wp-json\/wp\/v2\/pages\/3669\/revisions\/11459"}],"up":[{"embeddable":true,"href":"https:\/\/www.agw-nw.de\/en\/wp-json\/wp\/v2\/pages\/2763"}],"wp:attachment":[{"href":"https:\/\/www.agw-nw.de\/en\/wp-json\/wp\/v2\/media?parent=3669"}],"curies":[{"name":"wp","href":"https:\/\/api.w.org\/{rel}","templated":true}]}}