{"id":7671,"date":"2025-09-30T09:07:05","date_gmt":"2025-09-30T09:07:05","guid":{"rendered":"https:\/\/www.agw-nw.de\/?page_id=7671"},"modified":"2026-01-22T15:19:10","modified_gmt":"2026-01-22T15:19:10","slug":"current-dates","status":"publish","type":"page","link":"https:\/\/www.agw-nw.de\/en\/aktuelle-termine\/","title":{"rendered":"DATES"},"content":{"rendered":"<div data-elementor-type=\"wp-page\" data-elementor-id=\"7671\" class=\"elementor elementor-7671\" data-elementor-post-type=\"page\">\n\t\t\t\t<div class=\"elementor-element elementor-element-3ecc6dc e-flex e-con-boxed e-con e-parent\" data-id=\"3ecc6dc\" data-element_type=\"container\" data-e-type=\"container\">\n\t\t\t\t\t<div class=\"e-con-inner\">\n\t\t\t\t<div class=\"elementor-element elementor-element-2901692 elementor-widget elementor-widget-heading\" data-id=\"2901692\" data-element_type=\"widget\" data-e-type=\"widget\" data-widget_type=\"heading.default\">\n\t\t\t\t\t<h2 class=\"elementor-heading-title elementor-size-default\">Current dates<\/h2>\t\t\t\t<\/div>\n\t\t\t\t<div class=\"elementor-element elementor-element-a2cc6db elementor-posts--thumbnail-none elementor-grid-3 elementor-grid-tablet-2 elementor-grid-mobile-1 elementor-card-shadow-yes elementor-posts__hover-gradient elementor-widget elementor-widget-posts\" data-id=\"a2cc6db\" data-element_type=\"widget\" data-e-type=\"widget\" data-settings=\"{&quot;cards_columns&quot;:&quot;3&quot;,&quot;cards_columns_tablet&quot;:&quot;2&quot;,&quot;cards_columns_mobile&quot;:&quot;1&quot;,&quot;cards_row_gap&quot;:{&quot;unit&quot;:&quot;px&quot;,&quot;size&quot;:35,&quot;sizes&quot;:[]},&quot;cards_row_gap_tablet&quot;:{&quot;unit&quot;:&quot;px&quot;,&quot;size&quot;:&quot;&quot;,&quot;sizes&quot;:[]},&quot;cards_row_gap_mobile&quot;:{&quot;unit&quot;:&quot;px&quot;,&quot;size&quot;:&quot;&quot;,&quot;sizes&quot;:[]}}\" data-widget_type=\"posts.cards\">\n\t\t\t\t<div class=\"elementor-widget-container\">\n\t\t\t\t\t\t\t<div class=\"elementor-posts-container elementor-posts elementor-posts--skin-cards elementor-grid\" role=\"list\">\n\t\t\t\t<article class=\"elementor-post elementor-grid-item post-11643 termine type-termine status-publish hentry termine_category-intern\" role=\"listitem\">\n\t\t\t<div class=\"elementor-post__card\">\n\t\t\t\t<div class=\"elementor-post__text\">\n\t\t\t\t<h3 class=\"elementor-post__title\">\n\t\t\t<a href=\"https:\/\/www.agw-nw.de\/en\/termine\/25-03-2026-agw-vorstandssitzung-2\/\" >\n\t\t\t\t25.03.2026: agw-Vorstandssitzung\t\t\t<\/a>\n\t\t<\/h3>\n\t\t\t\t<\/div>\n\t\t\t\t\t<\/div>\n\t\t<\/article>\n\t\t\t\t<article class=\"elementor-post elementor-grid-item post-11640 termine type-termine status-publish hentry termine_category-intern termine_category-oeffentlich\" role=\"listitem\">\n\t\t\t<div class=\"elementor-post__card\">\n\t\t\t\t<div class=\"elementor-post__text\">\n\t\t\t\t<h3 class=\"elementor-post__title\">\n\t\t\t<a href=\"https:\/\/www.agw-nw.de\/en\/termine\/25-03-2026-agw-vorstandssitzung\/\" >\n\t\t\t\t26.03.2026: agw takes part in the exchange of experience on wastewater levy at LINEG\t\t\t<\/a>\n\t\t<\/h3>\n\t\t\t\t<\/div>\n\t\t\t\t\t<\/div>\n\t\t<\/article>\n\t\t\t\t<article class=\"elementor-post elementor-grid-item post-7670 termine type-termine status-publish hentry termine_category-oeffentlich\" role=\"listitem\">\n\t\t\t<div class=\"elementor-post__card\">\n\t\t\t\t<div class=\"elementor-post__text\">\n\t\t\t\t<h3 class=\"elementor-post__title\">\n\t\t\t<a href=\"https:\/\/www.agw-nw.de\/en\/termine\/04-05-07-05-2026-agw-auf-der-ifat-muenchen\/\" >\n\t\t\t\t04-07 May 2026: agw at the IFAT Munich\t\t\t<\/a>\n\t\t<\/h3>\n\t\t\t\t<\/div>\n\t\t\t\t\t<\/div>\n\t\t<\/article>\n\t\t\t\t<\/div>\n\t\t\n\t\t\t\t\t\t<\/div>\n\t\t\t\t<\/div>\n\t\t\t\t\t<\/div>\n\t\t\t\t<\/div>\n\t\t\t\t<\/div>","protected":false},"excerpt":{"rendered":"<p>Current dates<\/p>","protected":false},"author":1,"featured_media":0,"parent":0,"menu_order":0,"comment_status":"closed","ping_status":"closed","template":"","meta":{"_acf_changed":false,"footnotes":""},"class_list":["post-7671","page","type-page","status-publish","hentry"],"acf":[],"yoast_head":"<!-- This site is optimized with the Yoast SEO plugin v27.2 - https:\/\/yoast.com\/product\/yoast-seo-wordpress\/ -->\n<title>AGW-NRW - Aktuelle Termine<\/title>\n<meta name=\"description\" content=\"Alle Termine der agw f\u00fcr Sie im \u00dcberblick: Treffen der Mitgliedsverb\u00e4nde, \u00f6ffentliche Tagungen und Messen oder Sitzungen\" \/>\n<meta name=\"robots\" content=\"index, follow, max-snippet:-1, max-image-preview:large, max-video-preview:-1\" \/>\n<link rel=\"canonical\" href=\"https:\/\/www.agw-nw.de\/en\/current-dates\/\" \/>\n<meta property=\"og:locale\" content=\"en_GB\" \/>\n<meta property=\"og:type\" content=\"article\" \/>\n<meta property=\"og:title\" content=\"AGW-NRW - Aktuelle Termine\" \/>\n<meta property=\"og:description\" content=\"Alle Termine der agw f\u00fcr Sie im \u00dcberblick: Treffen der Mitgliedsverb\u00e4nde, \u00f6ffentliche Tagungen und Messen oder Sitzungen\" \/>\n<meta property=\"og:url\" content=\"https:\/\/www.agw-nw.de\/en\/current-dates\/\" \/>\n<meta property=\"og:site_name\" content=\"AGW-NRW\" \/>\n<meta property=\"article:modified_time\" content=\"2026-01-22T15:19:10+00:00\" \/>\n<meta name=\"twitter:card\" content=\"summary_large_image\" \/>\n<meta name=\"twitter:label1\" content=\"Estimated reading time\" \/>\n\t<meta name=\"twitter:data1\" content=\"1 minute\" \/>\n<script type=\"application\/ld+json\" class=\"yoast-schema-graph\">{\"@context\":\"https:\/\/schema.org\",\"@graph\":[{\"@type\":\"WebPage\",\"@id\":\"https:\/\/www.agw-nw.de\/aktuelle-termine\/\",\"url\":\"https:\/\/www.agw-nw.de\/aktuelle-termine\/\",\"name\":\"AGW-NRW - Aktuelle Termine\",\"isPartOf\":{\"@id\":\"https:\/\/www.agw-nw.de\/#website\"},\"datePublished\":\"2025-09-30T09:07:05+00:00\",\"dateModified\":\"2026-01-22T15:19:10+00:00\",\"description\":\"Alle Termine der agw f\u00fcr Sie im \u00dcberblick: Treffen der Mitgliedsverb\u00e4nde, \u00f6ffentliche Tagungen und Messen oder Sitzungen\",\"breadcrumb\":{\"@id\":\"https:\/\/www.agw-nw.de\/aktuelle-termine\/#breadcrumb\"},\"inLanguage\":\"en-GB\",\"potentialAction\":[{\"@type\":\"ReadAction\",\"target\":[\"https:\/\/www.agw-nw.de\/aktuelle-termine\/\"]}]},{\"@type\":\"BreadcrumbList\",\"@id\":\"https:\/\/www.agw-nw.de\/aktuelle-termine\/#breadcrumb\",\"itemListElement\":[{\"@type\":\"ListItem\",\"position\":1,\"name\":\"Home\",\"item\":\"https:\/\/www.agw-nw.de\/\"},{\"@type\":\"ListItem\",\"position\":2,\"name\":\"TERMINE\"}]},{\"@type\":\"WebSite\",\"@id\":\"https:\/\/www.agw-nw.de\/#website\",\"url\":\"https:\/\/www.agw-nw.de\/\",\"name\":\"AGW-NRW\",\"description\":\"\",\"potentialAction\":[{\"@type\":\"SearchAction\",\"target\":{\"@type\":\"EntryPoint\",\"urlTemplate\":\"https:\/\/www.agw-nw.de\/?s={search_term_string}\"},\"query-input\":{\"@type\":\"PropertyValueSpecification\",\"valueRequired\":true,\"valueName\":\"search_term_string\"}}],\"inLanguage\":\"en-GB\"}]}<\/script>\n<!-- \/ Yoast SEO plugin. -->","yoast_head_json":{"title":"AGW-NRW - Current dates","description":"All agw events at a glance: Meetings of the member organisations, public conferences and trade fairs or meetings","robots":{"index":"index","follow":"follow","max-snippet":"max-snippet:-1","max-image-preview":"max-image-preview:large","max-video-preview":"max-video-preview:-1"},"canonical":"https:\/\/www.agw-nw.de\/en\/current-dates\/","og_locale":"en_GB","og_type":"article","og_title":"AGW-NRW - Aktuelle Termine","og_description":"Alle Termine der agw f\u00fcr Sie im \u00dcberblick: Treffen der Mitgliedsverb\u00e4nde, \u00f6ffentliche Tagungen und Messen oder Sitzungen","og_url":"https:\/\/www.agw-nw.de\/en\/current-dates\/","og_site_name":"AGW-NRW","article_modified_time":"2026-01-22T15:19:10+00:00","twitter_card":"summary_large_image","twitter_misc":{"Estimated reading time":"1 minute"},"schema":{"@context":"https:\/\/schema.org","@graph":[{"@type":"WebPage","@id":"https:\/\/www.agw-nw.de\/aktuelle-termine\/","url":"https:\/\/www.agw-nw.de\/aktuelle-termine\/","name":"AGW-NRW - Current dates","isPartOf":{"@id":"https:\/\/www.agw-nw.de\/#website"},"datePublished":"2025-09-30T09:07:05+00:00","dateModified":"2026-01-22T15:19:10+00:00","description":"All agw events at a glance: Meetings of the member organisations, public conferences and trade fairs or meetings","breadcrumb":{"@id":"https:\/\/www.agw-nw.de\/aktuelle-termine\/#breadcrumb"},"inLanguage":"en-GB","potentialAction":[{"@type":"ReadAction","target":["https:\/\/www.agw-nw.de\/aktuelle-termine\/"]}]},{"@type":"BreadcrumbList","@id":"https:\/\/www.agw-nw.de\/aktuelle-termine\/#breadcrumb","itemListElement":[{"@type":"ListItem","position":1,"name":"Home","item":"https:\/\/www.agw-nw.de\/"},{"@type":"ListItem","position":2,"name":"TERMINE"}]},{"@type":"WebSite","@id":"https:\/\/www.agw-nw.de\/#website","url":"https:\/\/www.agw-nw.de\/","name":"AGW-NRW","description":"","potentialAction":[{"@type":"SearchAction","target":{"@type":"EntryPoint","urlTemplate":"https:\/\/www.agw-nw.de\/?s={search_term_string}"},"query-input":{"@type":"PropertyValueSpecification","valueRequired":true,"valueName":"search_term_string"}}],"inLanguage":"en-GB"}]}},"_links":{"self":[{"href":"https:\/\/www.agw-nw.de\/en\/wp-json\/wp\/v2\/pages\/7671","targetHints":{"allow":["GET"]}}],"collection":[{"href":"https:\/\/www.agw-nw.de\/en\/wp-json\/wp\/v2\/pages"}],"about":[{"href":"https:\/\/www.agw-nw.de\/en\/wp-json\/wp\/v2\/types\/page"}],"author":[{"embeddable":true,"href":"https:\/\/www.agw-nw.de\/en\/wp-json\/wp\/v2\/users\/1"}],"replies":[{"embeddable":true,"href":"https:\/\/www.agw-nw.de\/en\/wp-json\/wp\/v2\/comments?post=7671"}],"version-history":[{"count":12,"href":"https:\/\/www.agw-nw.de\/en\/wp-json\/wp\/v2\/pages\/7671\/revisions"}],"predecessor-version":[{"id":11258,"href":"https:\/\/www.agw-nw.de\/en\/wp-json\/wp\/v2\/pages\/7671\/revisions\/11258"}],"wp:attachment":[{"href":"https:\/\/www.agw-nw.de\/en\/wp-json\/wp\/v2\/media?parent=7671"}],"curies":[{"name":"wp","href":"https:\/\/api.w.org\/{rel}","templated":true}]}}