{"id":9509,"date":"2025-10-08T13:51:07","date_gmt":"2025-10-08T13:51:07","guid":{"rendered":"https:\/\/www.agw-nw.de\/?page_id=9509"},"modified":"2026-02-12T08:49:13","modified_gmt":"2026-02-12T08:49:13","slug":"statements-2025","status":"publish","type":"page","link":"https:\/\/www.agw-nw.de\/en\/stellungnahmen-2025\/","title":{"rendered":"Statements 2025"},"content":{"rendered":"<div data-elementor-type=\"wp-page\" data-elementor-id=\"9509\" class=\"elementor elementor-9509\" data-elementor-post-type=\"page\">\n\t\t\t\t<div class=\"elementor-element elementor-element-b37ab09 e-flex e-con-boxed e-con e-parent\" data-id=\"b37ab09\" data-element_type=\"container\" data-e-type=\"container\" data-settings=\"{&quot;background_background&quot;:&quot;classic&quot;}\">\n\t\t\t\t\t<div class=\"e-con-inner\">\n\t\t<div class=\"elementor-element elementor-element-bb60382 e-con-full e-flex e-con e-child\" data-id=\"bb60382\" data-element_type=\"container\" data-e-type=\"container\" data-settings=\"{&quot;background_background&quot;:&quot;classic&quot;}\">\n\t\t\t\t<div class=\"elementor-element elementor-element-e636abd elementor-widget elementor-widget-heading\" data-id=\"e636abd\" data-element_type=\"widget\" data-e-type=\"widget\" data-widget_type=\"heading.default\">\n\t\t\t\t\t<h2 class=\"elementor-heading-title elementor-size-default\">Statements of the agw in 2025<\/h2>\t\t\t\t<\/div>\n\t\t\t\t<\/div>\n\t\t\t\t\t<\/div>\n\t\t\t\t<\/div>\n\t\t<div class=\"elementor-element elementor-element-9fa093f fur-den-section e-flex e-con-boxed e-con e-parent\" data-id=\"9fa093f\" data-element_type=\"container\" data-e-type=\"container\">\n\t\t\t\t\t<div class=\"e-con-inner\">\n\t\t\t\t<div class=\"elementor-element elementor-element-48a725c elementor-hidden-mobile elementor-widget elementor-widget-spacer\" data-id=\"48a725c\" data-element_type=\"widget\" data-e-type=\"widget\" data-widget_type=\"spacer.default\">\n\t\t\t\t\t\t\t<div class=\"elementor-spacer\">\n\t\t\t<div class=\"elementor-spacer-inner\"><\/div>\n\t\t<\/div>\n\t\t\t\t\t\t<\/div>\n\t\t\t\t<div class=\"elementor-element elementor-element-1c5861f fur-den-description elementor-widget elementor-widget-text-editor\" data-id=\"1c5861f\" data-element_type=\"widget\" data-e-type=\"widget\" data-widget_type=\"text-editor.default\">\n\t\t\t\t\t\t\t\t\t<p><strong>14.08.2025:<\/strong> <a href=\"https:\/\/www.agw-nw.de\/wp-content\/uploads\/2026\/02\/stellungnahme_bmf_energie-stromsteuer-gesetz_-agw_130825_endg_geschwaerzt.pdf\">Statement of the agw<\/a>\u00a0on the draft of a third law amending the Energy Tax Act and the Electricity Tax Act<\/p><p><strong>20.06.2025:<\/strong>\u00a0<a href=\"\/wp-content\/uploads\/2025\/10\/agw-stellungnahme_wwbf_170625_endg_unterz.pdf\" target=\"_blank\" rel=\"noopener\">Statement of the agw<\/a>\u00a0for an overview of the important issues of water management in the German Rhine catchment area and in the North Rhine-Westphalian part of the Meuse river basin district<\/p><p><strong>16.06.2025:<\/strong>\u00a0<a href=\"\/wp-content\/uploads\/2025\/10\/agw-stellungnahme_stoffstrombilanzverordnung_160625_final.pdf\" target=\"_blank\" rel=\"noopener\">Statement of the agw<\/a>\u00a0on the draft bill of the Federal Ministry of Agriculture, Food and Home Affairs on the repeal of the Material Flow Balance Ordinance of 3 June 2020<\/p><p><strong>14.03.2025:<\/strong>\u00a0<a href=\"\/wp-content\/uploads\/2025\/10\/agw-stellungnahme_runderlass_trenn-_und_mischverfahren_agw_endg140325.pdf\" target=\"_blank\" rel=\"noopener\">Statement of the agw<\/a>\u00a0on the draft circular of the NRW Ministry of the Environment \u201eRequirements for precipitation water management and treatment in the mixed and separation process for discharge into surface waters\u201c<\/p><p><strong>06.03.2025<\/strong>:\u00a0<a href=\"\/wp-content\/uploads\/2025\/10\/Contribution_oek_vergaberecht_060325_agw.pdf\" target=\"_blank\" rel=\"noopener\">Participation of the agw<\/a>\u00a0in the EU Commission's public consultation on the evaluation of the public procurement directives<\/p><p><strong>26.02.2025:<\/strong>\u00a0<a href=\"\/wp-content\/uploads\/2025\/10\/agw_stellungnahme_oeffentlichkeitsbeteiligung_europaeische_strategie_fuer_eine_resiliente_wasserversorgung_210225.pdf\" target=\"_blank\" rel=\"noopener\">Statement of the agw<\/a>\u00a0on the European strategy for a resilient water supply\u00a0<br \/>and\u00a0<a href=\"\/wp-content\/uploads\/2025\/10\/best_practice_wasserresilienz.pdf\" target=\"_blank\" rel=\"noopener\">Best practice examples of water resilience<\/a>\u00a0of our members<\/p><p><strong>20.01.2025:<\/strong>\u00a0<a href=\"\/wp-content\/uploads\/2025\/10\/agw_positionen_btw2025_endg_januar_2025.pdf\" target=\"_blank\" rel=\"noopener\">Positions of the agw<\/a>\u00a0for the 2025 federal election<\/p>\t\t\t\t\t\t\t\t<\/div>\n\t\t\t\t<div class=\"elementor-element elementor-element-bd4e9c1 elementor-widget elementor-widget-spacer\" data-id=\"bd4e9c1\" data-element_type=\"widget\" data-e-type=\"widget\" data-widget_type=\"spacer.default\">\n\t\t\t\t\t\t\t<div class=\"elementor-spacer\">\n\t\t\t<div class=\"elementor-spacer-inner\"><\/div>\n\t\t<\/div>\n\t\t\t\t\t\t<\/div>\n\t\t\t\t\t<\/div>\n\t\t\t\t<\/div>\n\t\t\t\t<\/div>","protected":false},"excerpt":{"rendered":"<p>Stellungnahmen der agw im Jahre 2025 14.08.2025: Stellungnahme der agw\u00a0zum Entwurf eines Dritten Gesetzes zur \u00c4nderung des Energiesteuer- und des Stromsteuergesetzes 20.06.2025:\u00a0Stellungnahme der agw\u00a0zum \u00dcberblick \u00fcber die wichtigen Fragen der Gew\u00e4sserbewirtschaftung im deutschen Rheineinzugsgebiet sowie im nordrhein-westf\u00e4lischen Teil der Flussgebietseinheit Maas 16.06.2025:\u00a0Stellungnahme der agw\u00a0zum Referentenentwurf des Bundesministeriums f\u00fcr Landwirtschaft, Ern\u00e4hrung und Heimat zur Aufhebung der [&hellip;]<\/p>\n","protected":false},"author":1,"featured_media":0,"parent":0,"menu_order":0,"comment_status":"closed","ping_status":"closed","template":"","meta":{"_acf_changed":false,"footnotes":""},"class_list":["post-9509","page","type-page","status-publish","hentry"],"acf":[],"yoast_head":"<!-- This site is optimized with the Yoast SEO plugin v27.2 - https:\/\/yoast.com\/product\/yoast-seo-wordpress\/ -->\n<title>AGW-NRW - Aktuelle Stellungnahmen<\/title>\n<meta name=\"description\" content=\"In diesen Stellungnahmen \u00e4u\u00dfert sich die agw zu Gesetzes\u00e4nderungen und wichtigen Fragen der Gew\u00e4sserbewirtschaftung in NRW.\" \/>\n<meta name=\"robots\" content=\"index, follow, max-snippet:-1, max-image-preview:large, max-video-preview:-1\" \/>\n<link rel=\"canonical\" href=\"https:\/\/www.agw-nw.de\/en\/statements-2025\/\" \/>\n<meta property=\"og:locale\" content=\"en_GB\" \/>\n<meta property=\"og:type\" content=\"article\" \/>\n<meta property=\"og:title\" content=\"AGW-NRW - Aktuelle Stellungnahmen\" \/>\n<meta property=\"og:description\" content=\"In diesen Stellungnahmen \u00e4u\u00dfert sich die agw zu Gesetzes\u00e4nderungen und wichtigen Fragen der Gew\u00e4sserbewirtschaftung in NRW.\" \/>\n<meta property=\"og:url\" content=\"https:\/\/www.agw-nw.de\/en\/statements-2025\/\" \/>\n<meta property=\"og:site_name\" content=\"AGW-NRW\" \/>\n<meta property=\"article:modified_time\" content=\"2026-02-12T08:49:13+00:00\" \/>\n<meta name=\"twitter:card\" content=\"summary_large_image\" \/>\n<meta name=\"twitter:label1\" content=\"Estimated reading time\" \/>\n\t<meta name=\"twitter:data1\" content=\"1 minute\" \/>\n<script type=\"application\/ld+json\" class=\"yoast-schema-graph\">{\"@context\":\"https:\/\/schema.org\",\"@graph\":[{\"@type\":\"WebPage\",\"@id\":\"https:\/\/www.agw-nw.de\/stellungnahmen-2025\/\",\"url\":\"https:\/\/www.agw-nw.de\/stellungnahmen-2025\/\",\"name\":\"AGW-NRW - Aktuelle Stellungnahmen\",\"isPartOf\":{\"@id\":\"https:\/\/www.agw-nw.de\/#website\"},\"datePublished\":\"2025-10-08T13:51:07+00:00\",\"dateModified\":\"2026-02-12T08:49:13+00:00\",\"description\":\"In diesen Stellungnahmen \u00e4u\u00dfert sich die agw zu Gesetzes\u00e4nderungen und wichtigen Fragen der Gew\u00e4sserbewirtschaftung in NRW.\",\"breadcrumb\":{\"@id\":\"https:\/\/www.agw-nw.de\/stellungnahmen-2025\/#breadcrumb\"},\"inLanguage\":\"en-GB\",\"potentialAction\":[{\"@type\":\"ReadAction\",\"target\":[\"https:\/\/www.agw-nw.de\/stellungnahmen-2025\/\"]}]},{\"@type\":\"BreadcrumbList\",\"@id\":\"https:\/\/www.agw-nw.de\/stellungnahmen-2025\/#breadcrumb\",\"itemListElement\":[{\"@type\":\"ListItem\",\"position\":1,\"name\":\"Home\",\"item\":\"https:\/\/www.agw-nw.de\/\"},{\"@type\":\"ListItem\",\"position\":2,\"name\":\"Stellungnahmen 2025\"}]},{\"@type\":\"WebSite\",\"@id\":\"https:\/\/www.agw-nw.de\/#website\",\"url\":\"https:\/\/www.agw-nw.de\/\",\"name\":\"AGW-NRW\",\"description\":\"\",\"potentialAction\":[{\"@type\":\"SearchAction\",\"target\":{\"@type\":\"EntryPoint\",\"urlTemplate\":\"https:\/\/www.agw-nw.de\/?s={search_term_string}\"},\"query-input\":{\"@type\":\"PropertyValueSpecification\",\"valueRequired\":true,\"valueName\":\"search_term_string\"}}],\"inLanguage\":\"en-GB\"}]}<\/script>\n<!-- \/ Yoast SEO plugin. -->","yoast_head_json":{"title":"AGW-NRW - Current statements","description":"In these statements, the agw comments on legislative changes and important water management issues in NRW.","robots":{"index":"index","follow":"follow","max-snippet":"max-snippet:-1","max-image-preview":"max-image-preview:large","max-video-preview":"max-video-preview:-1"},"canonical":"https:\/\/www.agw-nw.de\/en\/statements-2025\/","og_locale":"en_GB","og_type":"article","og_title":"AGW-NRW - Aktuelle Stellungnahmen","og_description":"In diesen Stellungnahmen \u00e4u\u00dfert sich die agw zu Gesetzes\u00e4nderungen und wichtigen Fragen der Gew\u00e4sserbewirtschaftung in NRW.","og_url":"https:\/\/www.agw-nw.de\/en\/statements-2025\/","og_site_name":"AGW-NRW","article_modified_time":"2026-02-12T08:49:13+00:00","twitter_card":"summary_large_image","twitter_misc":{"Estimated reading time":"1 minute"},"schema":{"@context":"https:\/\/schema.org","@graph":[{"@type":"WebPage","@id":"https:\/\/www.agw-nw.de\/stellungnahmen-2025\/","url":"https:\/\/www.agw-nw.de\/stellungnahmen-2025\/","name":"AGW-NRW - Current statements","isPartOf":{"@id":"https:\/\/www.agw-nw.de\/#website"},"datePublished":"2025-10-08T13:51:07+00:00","dateModified":"2026-02-12T08:49:13+00:00","description":"In these statements, the agw comments on legislative changes and important water management issues in NRW.","breadcrumb":{"@id":"https:\/\/www.agw-nw.de\/stellungnahmen-2025\/#breadcrumb"},"inLanguage":"en-GB","potentialAction":[{"@type":"ReadAction","target":["https:\/\/www.agw-nw.de\/stellungnahmen-2025\/"]}]},{"@type":"BreadcrumbList","@id":"https:\/\/www.agw-nw.de\/stellungnahmen-2025\/#breadcrumb","itemListElement":[{"@type":"ListItem","position":1,"name":"Home","item":"https:\/\/www.agw-nw.de\/"},{"@type":"ListItem","position":2,"name":"Stellungnahmen 2025"}]},{"@type":"WebSite","@id":"https:\/\/www.agw-nw.de\/#website","url":"https:\/\/www.agw-nw.de\/","name":"AGW-NRW","description":"","potentialAction":[{"@type":"SearchAction","target":{"@type":"EntryPoint","urlTemplate":"https:\/\/www.agw-nw.de\/?s={search_term_string}"},"query-input":{"@type":"PropertyValueSpecification","valueRequired":true,"valueName":"search_term_string"}}],"inLanguage":"en-GB"}]}},"_links":{"self":[{"href":"https:\/\/www.agw-nw.de\/en\/wp-json\/wp\/v2\/pages\/9509","targetHints":{"allow":["GET"]}}],"collection":[{"href":"https:\/\/www.agw-nw.de\/en\/wp-json\/wp\/v2\/pages"}],"about":[{"href":"https:\/\/www.agw-nw.de\/en\/wp-json\/wp\/v2\/types\/page"}],"author":[{"embeddable":true,"href":"https:\/\/www.agw-nw.de\/en\/wp-json\/wp\/v2\/users\/1"}],"replies":[{"embeddable":true,"href":"https:\/\/www.agw-nw.de\/en\/wp-json\/wp\/v2\/comments?post=9509"}],"version-history":[{"count":26,"href":"https:\/\/www.agw-nw.de\/en\/wp-json\/wp\/v2\/pages\/9509\/revisions"}],"predecessor-version":[{"id":11522,"href":"https:\/\/www.agw-nw.de\/en\/wp-json\/wp\/v2\/pages\/9509\/revisions\/11522"}],"wp:attachment":[{"href":"https:\/\/www.agw-nw.de\/en\/wp-json\/wp\/v2\/media?parent=9509"}],"curies":[{"name":"wp","href":"https:\/\/api.w.org\/{rel}","templated":true}]}}