{"id":9546,"date":"2025-10-08T14:02:41","date_gmt":"2025-10-08T14:02:41","guid":{"rendered":"https:\/\/www.agw-nw.de\/?page_id=9546"},"modified":"2026-01-22T15:09:25","modified_gmt":"2026-01-22T15:09:25","slug":"filling-stations","status":"publish","type":"page","link":"https:\/\/www.agw-nw.de\/en\/fuellstaende\/","title":{"rendered":"Links to current fill levels and discharge situation as well as other information channels"},"content":{"rendered":"<div data-elementor-type=\"wp-page\" data-elementor-id=\"9546\" class=\"elementor elementor-9546\" data-elementor-post-type=\"page\">\n\t\t\t\t<div class=\"elementor-element elementor-element-b37ab09 e-flex e-con-boxed e-con e-parent\" data-id=\"b37ab09\" data-element_type=\"container\" data-e-type=\"container\" data-settings=\"{&quot;background_background&quot;:&quot;classic&quot;}\">\n\t\t\t\t\t<div class=\"e-con-inner\">\n\t\t<div class=\"elementor-element elementor-element-bb60382 e-con-full e-flex e-con e-child\" data-id=\"bb60382\" data-element_type=\"container\" data-e-type=\"container\" data-settings=\"{&quot;background_background&quot;:&quot;classic&quot;}\">\n\t\t\t\t<div class=\"elementor-element elementor-element-e636abd elementor-widget elementor-widget-heading\" data-id=\"e636abd\" data-element_type=\"widget\" data-e-type=\"widget\" data-widget_type=\"heading.default\">\n\t\t\t\t\t<h2 class=\"elementor-heading-title elementor-size-default\">Links to current fill levels and discharge situations<\/h2>\t\t\t\t<\/div>\n\t\t\t\t<\/div>\n\t\t\t\t\t<\/div>\n\t\t\t\t<\/div>\n\t\t<div class=\"elementor-element elementor-element-9fa093f fur-den-section e-flex e-con-boxed e-con e-parent\" data-id=\"9fa093f\" data-element_type=\"container\" data-e-type=\"container\">\n\t\t\t\t\t<div class=\"e-con-inner\">\n\t\t\t\t<div class=\"elementor-element elementor-element-48a725c elementor-hidden-mobile elementor-widget elementor-widget-spacer\" data-id=\"48a725c\" data-element_type=\"widget\" data-e-type=\"widget\" data-widget_type=\"spacer.default\">\n\t\t\t\t\t\t\t<div class=\"elementor-spacer\">\n\t\t\t<div class=\"elementor-spacer-inner\"><\/div>\n\t\t<\/div>\n\t\t\t\t\t\t<\/div>\n\t\t\t\t<div class=\"elementor-element elementor-element-1c5861f fur-den-description elementor-widget elementor-widget-text-editor\" data-id=\"1c5861f\" data-element_type=\"widget\" data-e-type=\"widget\" data-widget_type=\"text-editor.default\">\n\t\t\t\t\t\t\t\t\t<p>Eifel-Rur Water Association:\u00a0<a href=\"https:\/\/wver.de\/pegelstaende\/\" target=\"_blank\" rel=\"noopener noreferrer\">wver.de\/pegelstaende\/<\/a><br \/>Wupper Association:\u00a0<a href=\"https:\/\/hochwasserportal.wupperverband.de\/talsperren\/\" target=\"_blank\" rel=\"noopener noreferrer\">hochwasserportal.wupperverband.de\/talsperren\/<\/a><br \/>Ruhrverband:\u00a0<a href=\"https:\/\/www.ruhrverband.de\/fluesse-seen\/talsperrensteuerung\/stauhoehen\" target=\"_blank\" rel=\"noopener noreferrer\">www.ruhrverband.de\/fluesse-seen\/talsperrensteuerung\/stauhoehen<\/a><br \/>Wahnbachtalsperrenverband:\u00a0<a href=\"https:\/\/www.wahnbach.de\/die-wahnbachtalsperre\/zahlen-und-fakten\/pegelstand-stausee.html\" target=\"_blank\" rel=\"noopener noreferrer\">www.wahnbach.de\/die-wahnbachtalsperre\/zahlen-und-fakten\/pegelstand-stausee.html<\/a><br \/>Erftverband:\u00a0<a href=\"https:\/\/www.erftverband.de\/howis\/\" target=\"_blank\" rel=\"noopener noreferrer\">www.erftverband.de\/howis\/<\/a><\/p><p>LANUK NRW:\u00a0<a href=\"https:\/\/www.lanuk.nrw.de\/themen\/wasser\/hochwasser\/hochwasserzentrale-nrw\/hochwassermeldedienst\" target=\"_blank\" rel=\"noopener\">www.lanuk.nrw.de\/themen\/hochwasser\/hochwasserzentrale-nrw\/hochwassermeldedienst<\/a><br \/>Cross-border flood portal:\u00a0<a href=\"https:\/\/www.hochwasserzentralen.info\/\" target=\"_blank\" rel=\"noopener noreferrer\">www.hochwasserzentralen.info<\/a><\/p>\t\t\t\t\t\t\t\t<\/div>\n\t\t\t\t<div class=\"elementor-element elementor-element-bd4e9c1 elementor-widget elementor-widget-spacer\" data-id=\"bd4e9c1\" data-element_type=\"widget\" data-e-type=\"widget\" data-widget_type=\"spacer.default\">\n\t\t\t\t\t\t\t<div class=\"elementor-spacer\">\n\t\t\t<div class=\"elementor-spacer-inner\"><\/div>\n\t\t<\/div>\n\t\t\t\t\t\t<\/div>\n\t\t\t\t\t<\/div>\n\t\t\t\t<\/div>\n\t\t\t\t<\/div>","protected":false},"excerpt":{"rendered":"<p>Links zu aktuellen F\u00fcllst\u00e4nden und Abflusssituationen Wasserverband Eifel-Rur:\u00a0wver.de\/pegelstaende\/ Wupperverband:\u00a0hochwasserportal.wupperverband.de\/talsperren\/ Ruhrverband:\u00a0www.ruhrverband.de\/fluesse-seen\/talsperrensteuerung\/stauhoehen Wahnbachtalsperrenverband:\u00a0www.wahnbach.de\/die-wahnbachtalsperre\/zahlen-und-fakten\/pegelstand-stausee.html Erftverband:\u00a0www.erftverband.de\/howis\/ LANUK NRW:\u00a0www.lanuk.nrw.de\/themen\/hochwasser\/hochwasserzentrale-nrw\/hochwassermeldedienst L\u00e4nder\u00fcbergreifendes Hochwasserportal:\u00a0www.hochwasserzentralen.info<\/p>","protected":false},"author":1,"featured_media":0,"parent":0,"menu_order":0,"comment_status":"closed","ping_status":"closed","template":"","meta":{"_acf_changed":false,"footnotes":""},"class_list":["post-9546","page","type-page","status-publish","hentry"],"acf":[],"yoast_head":"<!-- This site is optimized with the Yoast SEO plugin v27.2 - https:\/\/yoast.com\/product\/yoast-seo-wordpress\/ -->\n<title>AGW-NRW - Links zu aktuellen F\u00fcllst\u00e4nden<\/title>\n<meta name=\"description\" content=\"Hier finden Sie Informationen und Links zu aktuellen F\u00fcllst\u00e4nden, Abflusssituationen und anderen Informationskan\u00e4len.\" \/>\n<meta name=\"robots\" content=\"index, follow, max-snippet:-1, max-image-preview:large, max-video-preview:-1\" \/>\n<link rel=\"canonical\" href=\"https:\/\/www.agw-nw.de\/en\/filling-stations\/\" \/>\n<meta property=\"og:locale\" content=\"en_GB\" \/>\n<meta property=\"og:type\" content=\"article\" \/>\n<meta property=\"og:title\" content=\"AGW-NRW - Links zu aktuellen F\u00fcllst\u00e4nden\" \/>\n<meta property=\"og:description\" content=\"Hier finden Sie Informationen und Links zu aktuellen F\u00fcllst\u00e4nden, Abflusssituationen und anderen Informationskan\u00e4len.\" \/>\n<meta property=\"og:url\" content=\"https:\/\/www.agw-nw.de\/en\/filling-stations\/\" \/>\n<meta property=\"og:site_name\" content=\"AGW-NRW\" \/>\n<meta property=\"article:modified_time\" content=\"2026-01-22T15:09:25+00:00\" \/>\n<meta name=\"twitter:card\" content=\"summary_large_image\" \/>\n<meta name=\"twitter:label1\" content=\"Estimated reading time\" \/>\n\t<meta name=\"twitter:data1\" content=\"1 minute\" \/>\n<script type=\"application\/ld+json\" class=\"yoast-schema-graph\">{\"@context\":\"https:\/\/schema.org\",\"@graph\":[{\"@type\":\"WebPage\",\"@id\":\"https:\/\/www.agw-nw.de\/fuellstaende\/\",\"url\":\"https:\/\/www.agw-nw.de\/fuellstaende\/\",\"name\":\"AGW-NRW - Links zu aktuellen F\u00fcllst\u00e4nden\",\"isPartOf\":{\"@id\":\"https:\/\/www.agw-nw.de\/#website\"},\"datePublished\":\"2025-10-08T14:02:41+00:00\",\"dateModified\":\"2026-01-22T15:09:25+00:00\",\"description\":\"Hier finden Sie Informationen und Links zu aktuellen F\u00fcllst\u00e4nden, Abflusssituationen und anderen Informationskan\u00e4len.\",\"breadcrumb\":{\"@id\":\"https:\/\/www.agw-nw.de\/fuellstaende\/#breadcrumb\"},\"inLanguage\":\"en-GB\",\"potentialAction\":[{\"@type\":\"ReadAction\",\"target\":[\"https:\/\/www.agw-nw.de\/fuellstaende\/\"]}]},{\"@type\":\"BreadcrumbList\",\"@id\":\"https:\/\/www.agw-nw.de\/fuellstaende\/#breadcrumb\",\"itemListElement\":[{\"@type\":\"ListItem\",\"position\":1,\"name\":\"Home\",\"item\":\"https:\/\/www.agw-nw.de\/\"},{\"@type\":\"ListItem\",\"position\":2,\"name\":\"Links zu aktuellen F\u00fcllst\u00e4nden und Abflusssituation sowie weitere Informationskan\u00e4le\"}]},{\"@type\":\"WebSite\",\"@id\":\"https:\/\/www.agw-nw.de\/#website\",\"url\":\"https:\/\/www.agw-nw.de\/\",\"name\":\"AGW-NRW\",\"description\":\"\",\"potentialAction\":[{\"@type\":\"SearchAction\",\"target\":{\"@type\":\"EntryPoint\",\"urlTemplate\":\"https:\/\/www.agw-nw.de\/?s={search_term_string}\"},\"query-input\":{\"@type\":\"PropertyValueSpecification\",\"valueRequired\":true,\"valueName\":\"search_term_string\"}}],\"inLanguage\":\"en-GB\"}]}<\/script>\n<!-- \/ Yoast SEO plugin. -->","yoast_head_json":{"title":"AGW-NRW - Links to current filling levels","description":"Here you will find information and links to current filling levels, discharge situations and other information channels.","robots":{"index":"index","follow":"follow","max-snippet":"max-snippet:-1","max-image-preview":"max-image-preview:large","max-video-preview":"max-video-preview:-1"},"canonical":"https:\/\/www.agw-nw.de\/en\/filling-stations\/","og_locale":"en_GB","og_type":"article","og_title":"AGW-NRW - Links zu aktuellen F\u00fcllst\u00e4nden","og_description":"Hier finden Sie Informationen und Links zu aktuellen F\u00fcllst\u00e4nden, Abflusssituationen und anderen Informationskan\u00e4len.","og_url":"https:\/\/www.agw-nw.de\/en\/filling-stations\/","og_site_name":"AGW-NRW","article_modified_time":"2026-01-22T15:09:25+00:00","twitter_card":"summary_large_image","twitter_misc":{"Estimated reading time":"1 minute"},"schema":{"@context":"https:\/\/schema.org","@graph":[{"@type":"WebPage","@id":"https:\/\/www.agw-nw.de\/fuellstaende\/","url":"https:\/\/www.agw-nw.de\/fuellstaende\/","name":"AGW-NRW - Links to current filling levels","isPartOf":{"@id":"https:\/\/www.agw-nw.de\/#website"},"datePublished":"2025-10-08T14:02:41+00:00","dateModified":"2026-01-22T15:09:25+00:00","description":"Here you will find information and links to current filling levels, discharge situations and other information channels.","breadcrumb":{"@id":"https:\/\/www.agw-nw.de\/fuellstaende\/#breadcrumb"},"inLanguage":"en-GB","potentialAction":[{"@type":"ReadAction","target":["https:\/\/www.agw-nw.de\/fuellstaende\/"]}]},{"@type":"BreadcrumbList","@id":"https:\/\/www.agw-nw.de\/fuellstaende\/#breadcrumb","itemListElement":[{"@type":"ListItem","position":1,"name":"Home","item":"https:\/\/www.agw-nw.de\/"},{"@type":"ListItem","position":2,"name":"Links zu aktuellen F\u00fcllst\u00e4nden und Abflusssituation sowie weitere Informationskan\u00e4le"}]},{"@type":"WebSite","@id":"https:\/\/www.agw-nw.de\/#website","url":"https:\/\/www.agw-nw.de\/","name":"AGW-NRW","description":"","potentialAction":[{"@type":"SearchAction","target":{"@type":"EntryPoint","urlTemplate":"https:\/\/www.agw-nw.de\/?s={search_term_string}"},"query-input":{"@type":"PropertyValueSpecification","valueRequired":true,"valueName":"search_term_string"}}],"inLanguage":"en-GB"}]}},"_links":{"self":[{"href":"https:\/\/www.agw-nw.de\/en\/wp-json\/wp\/v2\/pages\/9546","targetHints":{"allow":["GET"]}}],"collection":[{"href":"https:\/\/www.agw-nw.de\/en\/wp-json\/wp\/v2\/pages"}],"about":[{"href":"https:\/\/www.agw-nw.de\/en\/wp-json\/wp\/v2\/types\/page"}],"author":[{"embeddable":true,"href":"https:\/\/www.agw-nw.de\/en\/wp-json\/wp\/v2\/users\/1"}],"replies":[{"embeddable":true,"href":"https:\/\/www.agw-nw.de\/en\/wp-json\/wp\/v2\/comments?post=9546"}],"version-history":[{"count":23,"href":"https:\/\/www.agw-nw.de\/en\/wp-json\/wp\/v2\/pages\/9546\/revisions"}],"predecessor-version":[{"id":11251,"href":"https:\/\/www.agw-nw.de\/en\/wp-json\/wp\/v2\/pages\/9546\/revisions\/11251"}],"wp:attachment":[{"href":"https:\/\/www.agw-nw.de\/en\/wp-json\/wp\/v2\/media?parent=9546"}],"curies":[{"name":"wp","href":"https:\/\/api.w.org\/{rel}","templated":true}]}}